{"id":499,"date":"2025-05-27T19:19:49","date_gmt":"2025-05-27T17:19:49","guid":{"rendered":"http:\/\/www.provaginestavila.cat.mialias.net\/?page_id=499"},"modified":"2025-09-02T19:43:53","modified_gmt":"2025-09-02T17:43:53","slug":"psicologia-especialitzada","status":"publish","type":"page","link":"https:\/\/ginestavila.cat\/es\/psicologia-especialitzada\/","title":{"rendered":"Atenci\u00f3n Psicol\u00f3gica"},"content":{"rendered":"<div data-elementor-type=\"wp-page\" data-elementor-id=\"499\" class=\"elementor elementor-499\">\n\t\t\t\t\t\t<section class=\"elementor-section elementor-top-section elementor-element elementor-element-303febd4 elementor-section-height-min-height elementor-section-items-stretch elementor-section-boxed elementor-section-height-default\" data-id=\"303febd4\" data-element_type=\"section\" data-e-type=\"section\" data-settings=\"{&quot;background_background&quot;:&quot;classic&quot;,&quot;shape_divider_bottom&quot;:&quot;tilt&quot;}\">\n\t\t\t\t\t\t\t<div class=\"elementor-background-overlay\"><\/div>\n\t\t\t\t\t\t<div class=\"elementor-shape elementor-shape-bottom\" aria-hidden=\"true\" data-negative=\"false\">\n\t\t\t<svg xmlns=\"http:\/\/www.w3.org\/2000\/svg\" viewbox=\"0 0 1000 100\" preserveaspectratio=\"none\">\n\t<path class=\"elementor-shape-fill\" d=\"M0,6V0h1000v100L0,6z\"\/>\n<\/svg>\t\t<\/div>\n\t\t\t\t\t<div class=\"elementor-container elementor-column-gap-default\">\n\t\t\t\t\t<div class=\"elementor-column elementor-col-100 elementor-top-column elementor-element elementor-element-8319b22\" data-id=\"8319b22\" data-element_type=\"column\" data-e-type=\"column\">\n\t\t\t<div class=\"elementor-widget-wrap elementor-element-populated\">\n\t\t\t\t\t\t<div class=\"elementor-element elementor-element-7a2ef9ce elementor-invisible elementor-widget elementor-widget-heading\" data-id=\"7a2ef9ce\" data-element_type=\"widget\" data-e-type=\"widget\" data-settings=\"{&quot;_animation&quot;:&quot;fadeInDown&quot;}\" data-widget_type=\"heading.default\">\n\t\t\t\t<div class=\"elementor-widget-container\">\n\t\t\t\t\t<h1 class=\"elementor-heading-title elementor-size-default\">Psicolog\u00eda especializada en oncolog\u00eda<br>en Vilafranca del Pened\u00e8s<\/h1>\t\t\t\t<\/div>\n\t\t\t\t<\/div>\n\t\t\t\t\t<\/div>\n\t\t<\/div>\n\t\t\t\t\t<\/div>\n\t\t<\/section>\n\t\t<div class=\"elementor-element elementor-element-74a663d e-flex e-con-boxed e-con e-parent\" data-id=\"74a663d\" data-element_type=\"container\" data-e-type=\"container\">\n\t\t\t\t\t<div class=\"e-con-inner\">\n\t\t\t\t<div class=\"elementor-element elementor-element-8a51c1c elementor-widget elementor-widget-spacer\" data-id=\"8a51c1c\" data-element_type=\"widget\" data-e-type=\"widget\" data-widget_type=\"spacer.default\">\n\t\t\t\t<div class=\"elementor-widget-container\">\n\t\t\t\t\t\t\t<div class=\"elementor-spacer\">\n\t\t\t<div class=\"elementor-spacer-inner\"><\/div>\n\t\t<\/div>\n\t\t\t\t\t\t<\/div>\n\t\t\t\t<\/div>\n\t\t\t\t<div class=\"elementor-element elementor-element-d960dc0 elementor-widget elementor-widget-heading\" data-id=\"d960dc0\" data-element_type=\"widget\" data-e-type=\"widget\" data-widget_type=\"heading.default\">\n\t\t\t\t<div class=\"elementor-widget-container\">\n\t\t\t\t\t<h2 class=\"elementor-heading-title elementor-size-default\">Psico oncolog\u00eda Presencial y online<\/h2>\t\t\t\t<\/div>\n\t\t\t\t<\/div>\n\t\t\t\t<div class=\"elementor-element elementor-element-73090ad elementor-widget elementor-widget-text-editor\" data-id=\"73090ad\" data-element_type=\"widget\" data-e-type=\"widget\" data-widget_type=\"text-editor.default\">\n\t\t\t\t<div class=\"elementor-widget-container\">\n\t\t\t\t\t\t\t\t\t<p class=\"whitespace-normal break-words translation-block\">Nuestro servicio de <strong>psicolog\u00eda especializada en psico-oncolog\u00eda<\/strong> es fruto de a\u00f1os de trabajo y compromiso para ofrecerte el apoyo emocional que necesitas de manera gratuita.<\/p><p class=\"whitespace-normal break-words\">Sabemos que el c\u00e1ncer de mama no solo afecta al cuerpo, sino tambi\u00e9n a la mente y las emociones. Nuestro equipo de psic\u00f3logas especializadas entiende las emociones \u00fanicas que acompa\u00f1an este proceso: miedo, ansiedad, tristeza, pero tambi\u00e9n esperanza y fortaleza.<\/p><p class=\"whitespace-normal break-words translation-block\">Desde el inicio hemos considerado que este servicio es esencial para todas las mujeres, por eso lo ofrecemos en formato <strong>presencial en Vilafranca del Pened\u00e8s y online<\/strong> para que no tengas que desplazarte.<\/p><p class=\"whitespace-normal break-words\">\u00a0<\/p>\t\t\t\t\t\t\t\t<\/div>\n\t\t\t\t<\/div>\n\t\t\t\t<div class=\"elementor-element elementor-element-0a699ad elementor-widget elementor-widget-heading\" data-id=\"0a699ad\" data-element_type=\"widget\" data-e-type=\"widget\" data-widget_type=\"heading.default\">\n\t\t\t\t<div class=\"elementor-widget-container\">\n\t\t\t\t\t<h3 class=\"elementor-heading-title elementor-size-default\">Asesoramiento, apoyo y gesti\u00f3n emocional para personas afectadas por el c\u00e1ncer de mama.<\/h3>\t\t\t\t<\/div>\n\t\t\t\t<\/div>\n\t\t\t\t<div class=\"elementor-element elementor-element-04d0702 elementor-widget elementor-widget-spacer\" data-id=\"04d0702\" data-element_type=\"widget\" data-e-type=\"widget\" data-widget_type=\"spacer.default\">\n\t\t\t\t<div class=\"elementor-widget-container\">\n\t\t\t\t\t\t\t<div class=\"elementor-spacer\">\n\t\t\t<div class=\"elementor-spacer-inner\"><\/div>\n\t\t<\/div>\n\t\t\t\t\t\t<\/div>\n\t\t\t\t<\/div>\n\t\t\t\t<div class=\"elementor-element elementor-element-3f9382b elementor-widget elementor-widget-text-editor\" data-id=\"3f9382b\" data-element_type=\"widget\" data-e-type=\"widget\" data-widget_type=\"text-editor.default\">\n\t\t\t\t<div class=\"elementor-widget-container\">\n\t\t\t\t\t\t\t\t\t<div><div><p>Nuestras psic\u00f3logas te acompa\u00f1ar\u00e1n y te asesorar\u00e1n psicol\u00f3gicamente durante todo el proceso de aceptaci\u00f3n de la enfermedad, desde el momento del diagn\u00f3stico hasta las diferentes etapas del tratamiento y la posterior integraci\u00f3n a la vida cotidiana.<\/p><p>Tambi\u00e9n te ayudar\u00e1n a aprender a gestionar las emociones que surgen durante este camino, proporcion\u00e1ndote recursos propios que podr\u00e1s utilizar en situaciones futuras.<\/p><p>Trabajar\u00e9is conjuntamente para fortalecer tu autoestima y mejorar tanto la relaci\u00f3n contigo misma como con las personas de tu entorno.<\/p><\/div><p class=\"translation-block\">El <strong>servicio es gratuito<\/strong> y se realiza en <strong>horarios acordados<\/strong> durante todo el a\u00f1o en nuestra oficina de Vilafranca del Pened\u00e8s o por videoconferencia.<\/p><\/div><p>\u00a0<\/p>\t\t\t\t\t\t\t\t<\/div>\n\t\t\t\t<\/div>\n\t\t\t\t\t<\/div>\n\t\t\t\t<\/div>\n\t\t\t\t<section class=\"elementor-section elementor-top-section elementor-element elementor-element-41ea3481 elementor-section-content-middle elementor-section-boxed elementor-section-height-default elementor-section-height-default\" data-id=\"41ea3481\" data-element_type=\"section\" data-e-type=\"section\" data-settings=\"{&quot;background_background&quot;:&quot;classic&quot;}\">\n\t\t\t\t\t\t\t<div class=\"elementor-background-overlay\"><\/div>\n\t\t\t\t\t\t\t<div class=\"elementor-container elementor-column-gap-no\">\n\t\t\t\t\t<div class=\"elementor-column elementor-col-100 elementor-top-column elementor-element elementor-element-3142d12\" data-id=\"3142d12\" data-element_type=\"column\" data-e-type=\"column\">\n\t\t\t<div class=\"elementor-widget-wrap elementor-element-populated\">\n\t\t\t\t\t\t<div class=\"elementor-element elementor-element-fcd173c elementor-widget elementor-widget-image\" data-id=\"fcd173c\" data-element_type=\"widget\" data-e-type=\"widget\" data-widget_type=\"image.default\">\n\t\t\t\t<div class=\"elementor-widget-container\">\n\t\t\t\t\t\t\t\t\t\t\t\t\t\t\t<img decoding=\"async\" src=\"https:\/\/ginestavila.cat\/wp-content\/uploads\/elementor\/thumbs\/imatge-portada-2-rm6r6utfsnyuymof5wh5fl468l4pmo7eyg4ot2byjk.jpg\" title=\"noia amable\" alt=\"noia amable\" loading=\"lazy\" \/>\t\t\t\t\t\t\t\t\t\t\t\t\t\t\t<\/div>\n\t\t\t\t<\/div>\n\t\t\t\t<div class=\"elementor-element elementor-element-eb8824a elementor-widget elementor-widget-image\" data-id=\"eb8824a\" data-element_type=\"widget\" data-e-type=\"widget\" data-widget_type=\"image.default\">\n\t\t\t\t<div class=\"elementor-widget-container\">\n\t\t\t\t\t\t\t\t\t\t\t\t\t\t\t<img decoding=\"async\" src=\"https:\/\/ginestavila.cat\/wp-content\/uploads\/elementor\/thumbs\/ginesta-rm6r6vqzmqd0nvblzzkwfdylqw84yxvuz0ih4qlko0.png\" title=\"ginesta ajuda cancer de mama\" alt=\"ginesta ajuda cancer de mama\" loading=\"lazy\" \/>\t\t\t\t\t\t\t\t\t\t\t\t\t\t\t<\/div>\n\t\t\t\t<\/div>\n\t\t\t\t<div class=\"elementor-element elementor-element-05bca67 elementor-shape-rounded elementor-grid-0 e-grid-align-center elementor-widget elementor-widget-social-icons\" data-id=\"05bca67\" data-element_type=\"widget\" data-e-type=\"widget\" data-widget_type=\"social-icons.default\">\n\t\t\t\t<div class=\"elementor-widget-container\">\n\t\t\t\t\t\t\t<div class=\"elementor-social-icons-wrapper elementor-grid\" role=\"list\">\n\t\t\t\t\t\t\t<span class=\"elementor-grid-item\" role=\"listitem\">\n\t\t\t\t\t<a class=\"elementor-icon elementor-social-icon elementor-social-icon-facebook elementor-repeater-item-db9cd74\" target=\"_blank\">\n\t\t\t\t\t\t<span class=\"elementor-screen-only\">Facebook<\/span>\n\t\t\t\t\t\t<i aria-hidden=\"true\" class=\"fab fa-facebook\"><\/i>\t\t\t\t\t<\/a>\n\t\t\t\t<\/span>\n\t\t\t\t\t\t\t<span class=\"elementor-grid-item\" role=\"listitem\">\n\t\t\t\t\t<a class=\"elementor-icon elementor-social-icon elementor-social-icon-instagram elementor-repeater-item-78cf6ea\" target=\"_blank\">\n\t\t\t\t\t\t<span class=\"elementor-screen-only\">Instagram<\/span>\n\t\t\t\t\t\t<i aria-hidden=\"true\" class=\"fab fa-instagram\"><\/i>\t\t\t\t\t<\/a>\n\t\t\t\t<\/span>\n\t\t\t\t\t<\/div>\n\t\t\t\t\t\t<\/div>\n\t\t\t\t<\/div>\n\t\t\t\t<div class=\"elementor-element elementor-element-195a18a elementor-arrows-position-inside elementor-pagination-position-outside elementor-widget elementor-widget-image-carousel\" data-id=\"195a18a\" data-element_type=\"widget\" data-e-type=\"widget\" data-settings=\"{&quot;slides_to_show&quot;:&quot;6&quot;,&quot;slides_to_scroll&quot;:&quot;4&quot;,&quot;navigation&quot;:&quot;both&quot;,&quot;autoplay&quot;:&quot;yes&quot;,&quot;pause_on_hover&quot;:&quot;yes&quot;,&quot;pause_on_interaction&quot;:&quot;yes&quot;,&quot;autoplay_speed&quot;:5000,&quot;infinite&quot;:&quot;yes&quot;,&quot;speed&quot;:500}\" data-widget_type=\"image-carousel.default\">\n\t\t\t\t<div class=\"elementor-widget-container\">\n\t\t\t\t\t\t\t<div class=\"elementor-image-carousel-wrapper swiper\" role=\"region\" aria-roledescription=\"carousel\" aria-label=\"Carrusel de im\u00e1genes\" dir=\"ltr\">\n\t\t\t<div class=\"elementor-image-carousel swiper-wrapper\" aria-live=\"off\">\n\t\t\t\t\t\t\t\t<div class=\"swiper-slide\" role=\"group\" aria-roledescription=\"slide\" aria-label=\"1 de 6\"><figure class=\"swiper-slide-inner\"><img decoding=\"async\" class=\"swiper-slide-image\" src=\"https:\/\/ginestavila.cat\/wp-content\/uploads\/elementor\/thumbs\/La-Caixa-rm6r6vqzmqdcxtq6lmsdjnglz7anqh2kj3t6ciij88.png\" alt=\"La Caixa\" \/><\/figure><\/div><div class=\"swiper-slide\" role=\"group\" aria-roledescription=\"slide\" aria-label=\"2 de 6\"><figure class=\"swiper-slide-inner\"><img decoding=\"async\" class=\"swiper-slide-image\" src=\"https:\/\/ginestavila.cat\/wp-content\/uploads\/elementor\/thumbs\/Data-Protec-1-rm6r6vqzmqdcxtq6lmsdjnglz7anqh2kj3t6ciij88.png\" alt=\"Data Protec\" \/><\/figure><\/div><div class=\"swiper-slide\" role=\"group\" aria-roledescription=\"slide\" aria-label=\"3 de 6\"><figure class=\"swiper-slide-inner\"><img decoding=\"async\" class=\"swiper-slide-image\" src=\"https:\/\/ginestavila.cat\/wp-content\/uploads\/elementor\/thumbs\/Ajuntament-de-Vilafranca-rm6r6vqzmqdcxtq6lmsdjnglz7anqh2kj3t6ciij88.png\" alt=\"Ajuntament de Vilafranca\" \/><\/figure><\/div><div class=\"swiper-slide\" role=\"group\" aria-roledescription=\"slide\" aria-label=\"4 de 6\"><figure class=\"swiper-slide-inner\"><img decoding=\"async\" class=\"swiper-slide-image\" src=\"https:\/\/ginestavila.cat\/wp-content\/uploads\/elementor\/thumbs\/Ajuntament-de-Sat-sadurni-dAnoia-rm6r6vqzmqdcxtq6lmsdjnglz7anqh2kj3t6ciij88.png\" alt=\"Ajuntament de Sat sadurn\u00ed d&#039;Anoia\" \/><\/figure><\/div><div class=\"swiper-slide\" role=\"group\" aria-roledescription=\"slide\" aria-label=\"5 de 6\"><figure class=\"swiper-slide-inner\"><img decoding=\"async\" class=\"swiper-slide-image\" src=\"https:\/\/ginestavila.cat\/wp-content\/uploads\/elementor\/thumbs\/Ajuntament-de-Santa-margarida-i-els-Monjos-rm6r6vqzmqdcxtq6lmsdjnglz7anqh2kj3t6ciij88.png\" alt=\"Ajuntament de Santa margarida i els Monjos\" \/><\/figure><\/div><div class=\"swiper-slide\" role=\"group\" aria-roledescription=\"slide\" aria-label=\"6 de 6\"><figure class=\"swiper-slide-inner\"><img decoding=\"async\" class=\"swiper-slide-image\" src=\"https:\/\/ginestavila.cat\/wp-content\/uploads\/elementor\/thumbs\/Ajuntament-de-Pacs-1-rm6r6vqzmqdcxtq6lmsdjnglz7anqh2kj3t6ciij88.png\" alt=\"Ajuntament de Pacs\" \/><\/figure><\/div>\t\t\t<\/div>\n\t\t\t\t\t\t\t\t\t\t\t\t<div class=\"elementor-swiper-button elementor-swiper-button-prev\" role=\"button\" tabindex=\"0\">\n\t\t\t\t\t\t<i aria-hidden=\"true\" class=\"eicon-chevron-left\"><\/i>\t\t\t\t\t<\/div>\n\t\t\t\t\t<div class=\"elementor-swiper-button elementor-swiper-button-next\" role=\"button\" tabindex=\"0\">\n\t\t\t\t\t\t<i aria-hidden=\"true\" class=\"eicon-chevron-right\"><\/i>\t\t\t\t\t<\/div>\n\t\t\t\t\n\t\t\t\t\t\t\t\t\t<div class=\"swiper-pagination\"><\/div>\n\t\t\t\t\t\t\t\t\t<\/div>\n\t\t\t\t\t\t<\/div>\n\t\t\t\t<\/div>\n\t\t\t\t\t<\/div>\n\t\t<\/div>\n\t\t\t\t\t<\/div>\n\t\t<\/section>\n\t\t\t\t<\/div>","protected":false},"excerpt":{"rendered":"<p>Psicologia especialitzada en oncologiaa Vilafranca del Pened\u00e8s Psico oncologia Presencial i Online El nostre servei de psicologia especialitzada en psico-oncologia \u00e9s fruit d&#8217;anys de treball i comprom\u00eds per oferir-te el suport emocional que necessites de manera gratu\u00efta. Sabem que el c\u00e0ncer de mama no nom\u00e9s afecta el cos, sin\u00f3 tamb\u00e9 la ment i les emocions. [&hellip;]<\/p>\n","protected":false},"author":1,"featured_media":0,"parent":0,"menu_order":0,"comment_status":"closed","ping_status":"closed","template":"","meta":{"footnotes":""},"class_list":["post-499","page","type-page","status-publish","hentry"],"yoast_head":"<!-- This site is optimized with the Yoast SEO plugin v27.4 - https:\/\/yoast.com\/product\/yoast-seo-wordpress\/ -->\n<title>Atenci\u00f3 Psicol\u00f2gica - GINESTA<\/title>\n<meta name=\"description\" content=\"Servei de Psicologia especialitzada en oncologia, consulta presencial a Vilafranca del Pened\u00e8s i online. Servei Gratu\u00eft per a s\u00f2cies amb c\u00e0ncer de mama.\" \/>\n<meta name=\"robots\" content=\"index, follow, max-snippet:-1, max-image-preview:large, max-video-preview:-1\" \/>\n<link rel=\"canonical\" href=\"https:\/\/ginestavila.cat\/es\/psicologia-especialitzada\/\" \/>\n<meta property=\"og:locale\" content=\"es_ES\" \/>\n<meta property=\"og:type\" content=\"article\" \/>\n<meta property=\"og:title\" content=\"Atenci\u00f3 Psicol\u00f2gica - GINESTA\" \/>\n<meta property=\"og:description\" content=\"Servei de Psicologia especialitzada en oncologia, consulta presencial a Vilafranca del Pened\u00e8s i online. Servei Gratu\u00eft per a s\u00f2cies amb c\u00e0ncer de mama.\" \/>\n<meta property=\"og:url\" content=\"https:\/\/ginestavila.cat\/es\/psicologia-especialitzada\/\" \/>\n<meta property=\"og:site_name\" content=\"GINESTA\" \/>\n<meta property=\"article:publisher\" content=\"https:\/\/www.facebook.com\/ginesta.vila\/?locale=es_ES\" \/>\n<meta property=\"article:modified_time\" content=\"2025-09-02T17:43:53+00:00\" \/>\n<meta property=\"og:image\" content=\"https:\/\/ginestavila.cat\/wp-content\/uploads\/elementor\/thumbs\/imatge-portada-2-r8xta209m6o0ottg50iucphnhy5uuucs4c6ggo9uao.jpg\" \/>\n<meta name=\"twitter:card\" content=\"summary_large_image\" \/>\n<meta name=\"twitter:label1\" content=\"Tiempo de lectura\" \/>\n\t<meta name=\"twitter:data1\" content=\"6 minutos\" \/>\n<script type=\"application\/ld+json\" class=\"yoast-schema-graph\">{\"@context\":\"https:\\\/\\\/schema.org\",\"@graph\":[{\"@type\":\"WebPage\",\"@id\":\"https:\\\/\\\/ginestavila.cat\\\/psicologia-especialitzada\\\/\",\"url\":\"https:\\\/\\\/ginestavila.cat\\\/psicologia-especialitzada\\\/\",\"name\":\"Atenci\u00f3 Psicol\u00f2gica - GINESTA\",\"isPartOf\":{\"@id\":\"https:\\\/\\\/ginestavila.cat\\\/#website\"},\"primaryImageOfPage\":{\"@id\":\"https:\\\/\\\/ginestavila.cat\\\/psicologia-especialitzada\\\/#primaryimage\"},\"image\":{\"@id\":\"https:\\\/\\\/ginestavila.cat\\\/psicologia-especialitzada\\\/#primaryimage\"},\"thumbnailUrl\":\"https:\\\/\\\/ginestavila.cat\\\/wp-content\\\/uploads\\\/elementor\\\/thumbs\\\/imatge-portada-2-r8xta209m6o0ottg50iucphnhy5uuucs4c6ggo9uao.jpg\",\"datePublished\":\"2025-05-27T17:19:49+00:00\",\"dateModified\":\"2025-09-02T17:43:53+00:00\",\"description\":\"Servei de Psicologia especialitzada en oncologia, consulta presencial a Vilafranca del Pened\u00e8s i online. Servei Gratu\u00eft per a s\u00f2cies amb c\u00e0ncer de mama.\",\"breadcrumb\":{\"@id\":\"https:\\\/\\\/ginestavila.cat\\\/psicologia-especialitzada\\\/#breadcrumb\"},\"inLanguage\":\"es\",\"potentialAction\":[{\"@type\":\"ReadAction\",\"target\":[\"https:\\\/\\\/ginestavila.cat\\\/psicologia-especialitzada\\\/\"]}]},{\"@type\":\"ImageObject\",\"inLanguage\":\"es\",\"@id\":\"https:\\\/\\\/ginestavila.cat\\\/psicologia-especialitzada\\\/#primaryimage\",\"url\":\"https:\\\/\\\/ginestavila.cat\\\/wp-content\\\/uploads\\\/elementor\\\/thumbs\\\/imatge-portada-2-r8xta209m6o0ottg50iucphnhy5uuucs4c6ggo9uao.jpg\",\"contentUrl\":\"https:\\\/\\\/ginestavila.cat\\\/wp-content\\\/uploads\\\/elementor\\\/thumbs\\\/imatge-portada-2-r8xta209m6o0ottg50iucphnhy5uuucs4c6ggo9uao.jpg\"},{\"@type\":\"BreadcrumbList\",\"@id\":\"https:\\\/\\\/ginestavila.cat\\\/psicologia-especialitzada\\\/#breadcrumb\",\"itemListElement\":[{\"@type\":\"ListItem\",\"position\":1,\"name\":\"Portada\",\"item\":\"https:\\\/\\\/ginestavila.cat\\\/\"},{\"@type\":\"ListItem\",\"position\":2,\"name\":\"Atenci\u00f3 Psicol\u00f2gica\"}]},{\"@type\":\"WebSite\",\"@id\":\"https:\\\/\\\/ginestavila.cat\\\/#website\",\"url\":\"https:\\\/\\\/ginestavila.cat\\\/\",\"name\":\"GINESTA\",\"description\":\"Grup de suport per a dones amb c\u00e0ncer de mama\",\"publisher\":{\"@id\":\"https:\\\/\\\/ginestavila.cat\\\/#organization\"},\"potentialAction\":[{\"@type\":\"SearchAction\",\"target\":{\"@type\":\"EntryPoint\",\"urlTemplate\":\"https:\\\/\\\/ginestavila.cat\\\/?s={search_term_string}\"},\"query-input\":{\"@type\":\"PropertyValueSpecification\",\"valueRequired\":true,\"valueName\":\"search_term_string\"}}],\"inLanguage\":\"es\"},{\"@type\":\"Organization\",\"@id\":\"https:\\\/\\\/ginestavila.cat\\\/#organization\",\"name\":\"GINESTA - Grup d'autoajuda per a dones amb c\u00e0ncer de mama\",\"alternateName\":\"GINESTA\",\"url\":\"https:\\\/\\\/ginestavila.cat\\\/\",\"logo\":{\"@type\":\"ImageObject\",\"inLanguage\":\"es\",\"@id\":\"https:\\\/\\\/ginestavila.cat\\\/#\\\/schema\\\/logo\\\/image\\\/\",\"url\":\"https:\\\/\\\/ginestavila.cat\\\/wp-content\\\/uploads\\\/2025\\\/05\\\/cropped-logo_sensefons_colorrosa-scaled-2.png\",\"contentUrl\":\"https:\\\/\\\/ginestavila.cat\\\/wp-content\\\/uploads\\\/2025\\\/05\\\/cropped-logo_sensefons_colorrosa-scaled-2.png\",\"width\":2560,\"height\":2235,\"caption\":\"GINESTA - Grup d'autoajuda per a dones amb c\u00e0ncer de mama\"},\"image\":{\"@id\":\"https:\\\/\\\/ginestavila.cat\\\/#\\\/schema\\\/logo\\\/image\\\/\"},\"sameAs\":[\"https:\\\/\\\/www.facebook.com\\\/ginesta.vila\\\/?locale=es_ES\",\"https:\\\/\\\/www.instagram.com\\\/ginesta_vilafranca\\\/\"]}]}<\/script>\n<!-- \/ Yoast SEO plugin. -->","yoast_head_json":{"title":"Atenci\u00f3 Psicol\u00f2gica - GINESTA","description":"Servei de Psicologia especialitzada en oncologia, consulta presencial a Vilafranca del Pened\u00e8s i online. Servei Gratu\u00eft per a s\u00f2cies amb c\u00e0ncer de mama.","robots":{"index":"index","follow":"follow","max-snippet":"max-snippet:-1","max-image-preview":"max-image-preview:large","max-video-preview":"max-video-preview:-1"},"canonical":"https:\/\/ginestavila.cat\/es\/psicologia-especialitzada\/","og_locale":"es_ES","og_type":"article","og_title":"Atenci\u00f3 Psicol\u00f2gica - GINESTA","og_description":"Servei de Psicologia especialitzada en oncologia, consulta presencial a Vilafranca del Pened\u00e8s i online. Servei Gratu\u00eft per a s\u00f2cies amb c\u00e0ncer de mama.","og_url":"https:\/\/ginestavila.cat\/es\/psicologia-especialitzada\/","og_site_name":"GINESTA","article_publisher":"https:\/\/www.facebook.com\/ginesta.vila\/?locale=es_ES","article_modified_time":"2025-09-02T17:43:53+00:00","og_image":[{"url":"https:\/\/ginestavila.cat\/wp-content\/uploads\/elementor\/thumbs\/imatge-portada-2-r8xta209m6o0ottg50iucphnhy5uuucs4c6ggo9uao.jpg","type":"","width":"","height":""}],"twitter_card":"summary_large_image","twitter_misc":{"Tiempo de lectura":"6 minutos"},"schema":{"@context":"https:\/\/schema.org","@graph":[{"@type":"WebPage","@id":"https:\/\/ginestavila.cat\/psicologia-especialitzada\/","url":"https:\/\/ginestavila.cat\/psicologia-especialitzada\/","name":"Atenci\u00f3 Psicol\u00f2gica - GINESTA","isPartOf":{"@id":"https:\/\/ginestavila.cat\/#website"},"primaryImageOfPage":{"@id":"https:\/\/ginestavila.cat\/psicologia-especialitzada\/#primaryimage"},"image":{"@id":"https:\/\/ginestavila.cat\/psicologia-especialitzada\/#primaryimage"},"thumbnailUrl":"https:\/\/ginestavila.cat\/wp-content\/uploads\/elementor\/thumbs\/imatge-portada-2-r8xta209m6o0ottg50iucphnhy5uuucs4c6ggo9uao.jpg","datePublished":"2025-05-27T17:19:49+00:00","dateModified":"2025-09-02T17:43:53+00:00","description":"Servei de Psicologia especialitzada en oncologia, consulta presencial a Vilafranca del Pened\u00e8s i online. Servei Gratu\u00eft per a s\u00f2cies amb c\u00e0ncer de mama.","breadcrumb":{"@id":"https:\/\/ginestavila.cat\/psicologia-especialitzada\/#breadcrumb"},"inLanguage":"es","potentialAction":[{"@type":"ReadAction","target":["https:\/\/ginestavila.cat\/psicologia-especialitzada\/"]}]},{"@type":"ImageObject","inLanguage":"es","@id":"https:\/\/ginestavila.cat\/psicologia-especialitzada\/#primaryimage","url":"https:\/\/ginestavila.cat\/wp-content\/uploads\/elementor\/thumbs\/imatge-portada-2-r8xta209m6o0ottg50iucphnhy5uuucs4c6ggo9uao.jpg","contentUrl":"https:\/\/ginestavila.cat\/wp-content\/uploads\/elementor\/thumbs\/imatge-portada-2-r8xta209m6o0ottg50iucphnhy5uuucs4c6ggo9uao.jpg"},{"@type":"BreadcrumbList","@id":"https:\/\/ginestavila.cat\/psicologia-especialitzada\/#breadcrumb","itemListElement":[{"@type":"ListItem","position":1,"name":"Portada","item":"https:\/\/ginestavila.cat\/"},{"@type":"ListItem","position":2,"name":"Atenci\u00f3 Psicol\u00f2gica"}]},{"@type":"WebSite","@id":"https:\/\/ginestavila.cat\/#website","url":"https:\/\/ginestavila.cat\/","name":"GINESTA","description":"Grupo de apoyo y actividades para mujeres con c\u00e1ncer de mama en el Pened\u00e9s","publisher":{"@id":"https:\/\/ginestavila.cat\/#organization"},"potentialAction":[{"@type":"SearchAction","target":{"@type":"EntryPoint","urlTemplate":"https:\/\/ginestavila.cat\/?s={search_term_string}"},"query-input":{"@type":"PropertyValueSpecification","valueRequired":true,"valueName":"search_term_string"}}],"inLanguage":"es"},{"@type":"Organization","@id":"https:\/\/ginestavila.cat\/#organization","name":"GINESTA - Grup d'autoajuda per a dones amb c\u00e0ncer de mama","alternateName":"GINESTA","url":"https:\/\/ginestavila.cat\/","logo":{"@type":"ImageObject","inLanguage":"es","@id":"https:\/\/ginestavila.cat\/#\/schema\/logo\/image\/","url":"https:\/\/ginestavila.cat\/wp-content\/uploads\/2025\/05\/cropped-logo_sensefons_colorrosa-scaled-2.png","contentUrl":"https:\/\/ginestavila.cat\/wp-content\/uploads\/2025\/05\/cropped-logo_sensefons_colorrosa-scaled-2.png","width":2560,"height":2235,"caption":"GINESTA - Grup d'autoajuda per a dones amb c\u00e0ncer de mama"},"image":{"@id":"https:\/\/ginestavila.cat\/#\/schema\/logo\/image\/"},"sameAs":["https:\/\/www.facebook.com\/ginesta.vila\/?locale=es_ES","https:\/\/www.instagram.com\/ginesta_vilafranca\/"]}]}},"rttpg_featured_image_url":null,"rttpg_author":{"display_name":"provaginestavila","author_link":"https:\/\/ginestavila.cat\/es\/author\/provaginestavila\/"},"rttpg_comment":0,"rttpg_category":null,"rttpg_excerpt":"Psicologia especialitzada en oncologiaa Vilafranca del Pened\u00e8s Psico oncologia Presencial i Online El nostre servei de psicologia especialitzada en psico-oncologia \u00e9s fruit d&#8217;anys de treball i comprom\u00eds per oferir-te el suport emocional que necessites de manera gratu\u00efta. Sabem que el c\u00e0ncer de mama no nom\u00e9s afecta el cos, sin\u00f3 tamb\u00e9 la ment i les emocions.&hellip;","_links":{"self":[{"href":"https:\/\/ginestavila.cat\/es\/wp-json\/wp\/v2\/pages\/499","targetHints":{"allow":["GET"]}}],"collection":[{"href":"https:\/\/ginestavila.cat\/es\/wp-json\/wp\/v2\/pages"}],"about":[{"href":"https:\/\/ginestavila.cat\/es\/wp-json\/wp\/v2\/types\/page"}],"author":[{"embeddable":true,"href":"https:\/\/ginestavila.cat\/es\/wp-json\/wp\/v2\/users\/1"}],"replies":[{"embeddable":true,"href":"https:\/\/ginestavila.cat\/es\/wp-json\/wp\/v2\/comments?post=499"}],"version-history":[{"count":49,"href":"https:\/\/ginestavila.cat\/es\/wp-json\/wp\/v2\/pages\/499\/revisions"}],"predecessor-version":[{"id":1762,"href":"https:\/\/ginestavila.cat\/es\/wp-json\/wp\/v2\/pages\/499\/revisions\/1762"}],"wp:attachment":[{"href":"https:\/\/ginestavila.cat\/es\/wp-json\/wp\/v2\/media?parent=499"}],"curies":[{"name":"wp","href":"https:\/\/api.w.org\/{rel}","templated":true}]}}