{"id":1908,"date":"2025-10-11T18:45:20","date_gmt":"2025-10-11T16:45:20","guid":{"rendered":"https:\/\/ginestavila.cat\/?page_id=1908"},"modified":"2025-10-11T18:50:44","modified_gmt":"2025-10-11T16:50:44","slug":"fisioterapia-copy","status":"publish","type":"page","link":"https:\/\/ginestavila.cat\/es\/fisioterapia-copy\/","title":{"rendered":"Agra\u00efments acte Solidari"},"content":{"rendered":"<div data-elementor-type=\"wp-page\" data-elementor-id=\"1908\" class=\"elementor elementor-1908\">\n\t\t\t\t\t\t<section class=\"elementor-section elementor-top-section elementor-element elementor-element-303febd4 elementor-section-height-min-height elementor-section-items-stretch elementor-section-boxed elementor-section-height-default\" data-id=\"303febd4\" data-element_type=\"section\" data-e-type=\"section\" data-settings=\"{&quot;background_background&quot;:&quot;classic&quot;,&quot;shape_divider_bottom&quot;:&quot;tilt&quot;}\">\n\t\t\t\t\t\t\t<div class=\"elementor-background-overlay\"><\/div>\n\t\t\t\t\t\t<div class=\"elementor-shape elementor-shape-bottom\" aria-hidden=\"true\" data-negative=\"false\">\n\t\t\t<svg xmlns=\"http:\/\/www.w3.org\/2000\/svg\" viewbox=\"0 0 1000 100\" preserveaspectratio=\"none\">\n\t<path class=\"elementor-shape-fill\" d=\"M0,6V0h1000v100L0,6z\"\/>\n<\/svg>\t\t<\/div>\n\t\t\t\t\t<div class=\"elementor-container elementor-column-gap-default\">\n\t\t\t\t\t<div class=\"elementor-column elementor-col-100 elementor-top-column elementor-element elementor-element-8319b22\" data-id=\"8319b22\" data-element_type=\"column\" data-e-type=\"column\">\n\t\t\t<div class=\"elementor-widget-wrap elementor-element-populated\">\n\t\t\t\t\t\t<div class=\"elementor-element elementor-element-7a2ef9ce elementor-invisible elementor-widget elementor-widget-heading\" data-id=\"7a2ef9ce\" data-element_type=\"widget\" data-e-type=\"widget\" data-settings=\"{&quot;_animation&quot;:&quot;fadeInDown&quot;}\" data-widget_type=\"heading.default\">\n\t\t\t\t<div class=\"elementor-widget-container\">\n\t\t\t\t\t<h1 class=\"elementor-heading-title elementor-size-default\">Aquest acte solidari en Benefici de Ginesta ha esta possible gr\u00e0cies a...  <\/h1>\t\t\t\t<\/div>\n\t\t\t\t<\/div>\n\t\t\t\t\t<\/div>\n\t\t<\/div>\n\t\t\t\t\t<\/div>\n\t\t<\/section>\n\t\t\t\t<section class=\"elementor-section elementor-top-section elementor-element elementor-element-41ea3481 elementor-section-content-middle elementor-section-boxed elementor-section-height-default elementor-section-height-default\" data-id=\"41ea3481\" data-element_type=\"section\" data-e-type=\"section\" data-settings=\"{&quot;background_background&quot;:&quot;classic&quot;}\">\n\t\t\t\t\t\t\t<div class=\"elementor-background-overlay\"><\/div>\n\t\t\t\t\t\t\t<div class=\"elementor-container elementor-column-gap-no\">\n\t\t\t\t\t<div class=\"elementor-column elementor-col-100 elementor-top-column elementor-element elementor-element-3142d12\" data-id=\"3142d12\" data-element_type=\"column\" data-e-type=\"column\">\n\t\t\t<div class=\"elementor-widget-wrap elementor-element-populated\">\n\t\t\t\t\t\t<div class=\"elementor-element elementor-element-1de122d elementor-widget elementor-widget-image\" data-id=\"1de122d\" data-element_type=\"widget\" data-e-type=\"widget\" data-widget_type=\"image.default\">\n\t\t\t\t<div class=\"elementor-widget-container\">\n\t\t\t\t\t\t\t\t\t\t\t\t\t\t\t<img fetchpriority=\"high\" decoding=\"async\" width=\"717\" height=\"1024\" src=\"https:\/\/ginestavila.cat\/wp-content\/uploads\/2025\/10\/poster-agraiments_page-0001-1-717x1024.jpg\" class=\"attachment-large size-large wp-image-1912\" alt=\"\" srcset=\"https:\/\/ginestavila.cat\/wp-content\/uploads\/2025\/10\/poster-agraiments_page-0001-1-717x1024.jpg 717w, https:\/\/ginestavila.cat\/wp-content\/uploads\/2025\/10\/poster-agraiments_page-0001-1-210x300.jpg 210w, https:\/\/ginestavila.cat\/wp-content\/uploads\/2025\/10\/poster-agraiments_page-0001-1-768x1097.jpg 768w, https:\/\/ginestavila.cat\/wp-content\/uploads\/2025\/10\/poster-agraiments_page-0001-1-1075x1536.jpg 1075w, https:\/\/ginestavila.cat\/wp-content\/uploads\/2025\/10\/poster-agraiments_page-0001-1-8x12.jpg 8w, https:\/\/ginestavila.cat\/wp-content\/uploads\/2025\/10\/poster-agraiments_page-0001-1.jpg 1200w\" sizes=\"(max-width: 717px) 100vw, 717px\" \/>\t\t\t\t\t\t\t\t\t\t\t\t\t\t\t<\/div>\n\t\t\t\t<\/div>\n\t\t\t\t<div class=\"elementor-element elementor-element-73aea8e elementor-widget elementor-widget-image\" data-id=\"73aea8e\" data-element_type=\"widget\" data-e-type=\"widget\" data-widget_type=\"image.default\">\n\t\t\t\t<div class=\"elementor-widget-container\">\n\t\t\t\t\t\t\t\t\t\t\t\t\t\t\t<img decoding=\"async\" width=\"150\" height=\"150\" src=\"https:\/\/ginestavila.cat\/wp-content\/uploads\/2025\/05\/ginesta-150x150.png\" class=\"attachment-thumbnail size-thumbnail wp-image-279\" alt=\"\" \/>\t\t\t\t\t\t\t\t\t\t\t\t\t\t\t<\/div>\n\t\t\t\t<\/div>\n\t\t\t\t<div class=\"elementor-element elementor-element-05bca67 elementor-shape-rounded elementor-grid-0 e-grid-align-center elementor-widget elementor-widget-social-icons\" data-id=\"05bca67\" data-element_type=\"widget\" data-e-type=\"widget\" data-widget_type=\"social-icons.default\">\n\t\t\t\t<div class=\"elementor-widget-container\">\n\t\t\t\t\t\t\t<div class=\"elementor-social-icons-wrapper elementor-grid\" role=\"list\">\n\t\t\t\t\t\t\t<span class=\"elementor-grid-item\" role=\"listitem\">\n\t\t\t\t\t<a class=\"elementor-icon elementor-social-icon elementor-social-icon-facebook elementor-repeater-item-db9cd74\" target=\"_blank\">\n\t\t\t\t\t\t<span class=\"elementor-screen-only\">Facebook<\/span>\n\t\t\t\t\t\t<i aria-hidden=\"true\" class=\"fab fa-facebook\"><\/i>\t\t\t\t\t<\/a>\n\t\t\t\t<\/span>\n\t\t\t\t\t\t\t<span class=\"elementor-grid-item\" role=\"listitem\">\n\t\t\t\t\t<a class=\"elementor-icon elementor-social-icon elementor-social-icon-instagram elementor-repeater-item-78cf6ea\" target=\"_blank\">\n\t\t\t\t\t\t<span class=\"elementor-screen-only\">Instagram<\/span>\n\t\t\t\t\t\t<i aria-hidden=\"true\" class=\"fab fa-instagram\"><\/i>\t\t\t\t\t<\/a>\n\t\t\t\t<\/span>\n\t\t\t\t\t<\/div>\n\t\t\t\t\t\t<\/div>\n\t\t\t\t<\/div>\n\t\t\t\t<div class=\"elementor-element elementor-element-5b1f3dd elementor-arrows-position-inside elementor-pagination-position-outside elementor-widget elementor-widget-image-carousel\" data-id=\"5b1f3dd\" data-element_type=\"widget\" data-e-type=\"widget\" data-settings=\"{&quot;slides_to_show&quot;:&quot;6&quot;,&quot;navigation&quot;:&quot;both&quot;,&quot;autoplay&quot;:&quot;yes&quot;,&quot;pause_on_hover&quot;:&quot;yes&quot;,&quot;pause_on_interaction&quot;:&quot;yes&quot;,&quot;autoplay_speed&quot;:5000,&quot;infinite&quot;:&quot;yes&quot;,&quot;speed&quot;:500}\" data-widget_type=\"image-carousel.default\">\n\t\t\t\t<div class=\"elementor-widget-container\">\n\t\t\t\t\t\t\t<div class=\"elementor-image-carousel-wrapper swiper\" role=\"region\" aria-roledescription=\"carousel\" aria-label=\"Carrusel de im\u00e1genes\" dir=\"ltr\">\n\t\t\t<div class=\"elementor-image-carousel swiper-wrapper\" aria-live=\"off\">\n\t\t\t\t\t\t\t\t<div class=\"swiper-slide\" role=\"group\" aria-roledescription=\"slide\" aria-label=\"1 de 6\"><figure class=\"swiper-slide-inner\"><img decoding=\"async\" class=\"swiper-slide-image\" src=\"https:\/\/ginestavila.cat\/wp-content\/uploads\/2025\/09\/La-Caixa.png\" alt=\"La Caixa\" \/><\/figure><\/div><div class=\"swiper-slide\" role=\"group\" aria-roledescription=\"slide\" aria-label=\"2 de 6\"><figure class=\"swiper-slide-inner\"><img decoding=\"async\" class=\"swiper-slide-image\" src=\"https:\/\/ginestavila.cat\/wp-content\/uploads\/2025\/09\/Data-Protec-1.png\" alt=\"Data Protec\" \/><\/figure><\/div><div class=\"swiper-slide\" role=\"group\" aria-roledescription=\"slide\" aria-label=\"3 de 6\"><figure class=\"swiper-slide-inner\"><img decoding=\"async\" class=\"swiper-slide-image\" src=\"https:\/\/ginestavila.cat\/wp-content\/uploads\/2025\/09\/Ajuntament-de-Vilafranca.png\" alt=\"Ajuntament de Vilafranca\" \/><\/figure><\/div><div class=\"swiper-slide\" role=\"group\" aria-roledescription=\"slide\" aria-label=\"4 de 6\"><figure class=\"swiper-slide-inner\"><img decoding=\"async\" class=\"swiper-slide-image\" src=\"https:\/\/ginestavila.cat\/wp-content\/uploads\/2025\/09\/Ajuntament-de-Sat-sadurni-dAnoia.png\" alt=\"Ajuntament de Sat sadurn\u00ed d&#039;Anoia\" \/><\/figure><\/div><div class=\"swiper-slide\" role=\"group\" aria-roledescription=\"slide\" aria-label=\"5 de 6\"><figure class=\"swiper-slide-inner\"><img decoding=\"async\" class=\"swiper-slide-image\" src=\"https:\/\/ginestavila.cat\/wp-content\/uploads\/2025\/09\/Ajuntament-de-Santa-margarida-i-els-Monjos.png\" alt=\"Ajuntament de Santa margarida i els Monjos\" \/><\/figure><\/div><div class=\"swiper-slide\" role=\"group\" aria-roledescription=\"slide\" aria-label=\"6 de 6\"><figure class=\"swiper-slide-inner\"><img decoding=\"async\" class=\"swiper-slide-image\" src=\"https:\/\/ginestavila.cat\/wp-content\/uploads\/2025\/09\/Ajuntament-de-Pacs-1.png\" alt=\"Ajuntament de Pacs\" \/><\/figure><\/div>\t\t\t<\/div>\n\t\t\t\t\t\t\t\t\t\t\t\t<div class=\"elementor-swiper-button elementor-swiper-button-prev\" role=\"button\" tabindex=\"0\">\n\t\t\t\t\t\t<i aria-hidden=\"true\" class=\"eicon-chevron-left\"><\/i>\t\t\t\t\t<\/div>\n\t\t\t\t\t<div class=\"elementor-swiper-button elementor-swiper-button-next\" role=\"button\" tabindex=\"0\">\n\t\t\t\t\t\t<i aria-hidden=\"true\" class=\"eicon-chevron-right\"><\/i>\t\t\t\t\t<\/div>\n\t\t\t\t\n\t\t\t\t\t\t\t\t\t<div class=\"swiper-pagination\"><\/div>\n\t\t\t\t\t\t\t\t\t<\/div>\n\t\t\t\t\t\t<\/div>\n\t\t\t\t<\/div>\n\t\t\t\t\t<\/div>\n\t\t<\/div>\n\t\t\t\t\t<\/div>\n\t\t<\/section>\n\t\t\t\t<\/div>","protected":false},"excerpt":{"rendered":"<p>Aquest acte solidari en Benefici de Ginesta ha esta possible gr\u00e0cies a&#8230; Facebook Instagram<\/p>","protected":false},"author":1,"featured_media":0,"parent":0,"menu_order":0,"comment_status":"closed","ping_status":"closed","template":"","meta":{"footnotes":""},"class_list":["post-1908","page","type-page","status-publish","hentry"],"yoast_head":"<!-- This site is optimized with the Yoast SEO plugin v27.4 - https:\/\/yoast.com\/product\/yoast-seo-wordpress\/ -->\n<title>Agra\u00efments acte Solidari - GINESTA<\/title>\n<meta name=\"description\" content=\"Si necessites millorar el moviment del teu bra\u00e7, reduir el seu per\u00edmetre i recuperar la bona sensaci\u00f3, la fisioter\u00e0pia oncol\u00f2gica t&#039;ajudar\u00e0 a aconseguir-ho.\" \/>\n<meta name=\"robots\" content=\"index, follow, max-snippet:-1, max-image-preview:large, max-video-preview:-1\" \/>\n<link rel=\"canonical\" href=\"https:\/\/ginestavila.cat\/es\/fisioterapia-copy\/\" \/>\n<meta property=\"og:locale\" content=\"es_ES\" \/>\n<meta property=\"og:type\" content=\"article\" \/>\n<meta property=\"og:title\" content=\"Agra\u00efments acte Solidari - GINESTA\" \/>\n<meta property=\"og:description\" content=\"Si necessites millorar el moviment del teu bra\u00e7, reduir el seu per\u00edmetre i recuperar la bona sensaci\u00f3, la fisioter\u00e0pia oncol\u00f2gica t&#039;ajudar\u00e0 a aconseguir-ho.\" \/>\n<meta property=\"og:url\" content=\"https:\/\/ginestavila.cat\/es\/fisioterapia-copy\/\" \/>\n<meta property=\"og:site_name\" content=\"GINESTA\" \/>\n<meta property=\"article:publisher\" content=\"https:\/\/www.facebook.com\/ginesta.vila\/?locale=es_ES\" \/>\n<meta property=\"article:modified_time\" content=\"2025-10-11T16:50:44+00:00\" \/>\n<meta property=\"og:image\" content=\"https:\/\/ginestavila.cat\/wp-content\/uploads\/2025\/10\/poster-agraiments_page-0001-1-717x1024.jpg\" \/>\n<meta name=\"twitter:card\" content=\"summary_large_image\" \/>\n<meta name=\"twitter:label1\" content=\"Tiempo de lectura\" \/>\n\t<meta name=\"twitter:data1\" content=\"2 minutos\" \/>\n<script type=\"application\/ld+json\" class=\"yoast-schema-graph\">{\"@context\":\"https:\\\/\\\/schema.org\",\"@graph\":[{\"@type\":\"WebPage\",\"@id\":\"https:\\\/\\\/ginestavila.cat\\\/fisioterapia-copy\\\/\",\"url\":\"https:\\\/\\\/ginestavila.cat\\\/fisioterapia-copy\\\/\",\"name\":\"Agra\u00efments acte Solidari - GINESTA\",\"isPartOf\":{\"@id\":\"https:\\\/\\\/ginestavila.cat\\\/#website\"},\"primaryImageOfPage\":{\"@id\":\"https:\\\/\\\/ginestavila.cat\\\/fisioterapia-copy\\\/#primaryimage\"},\"image\":{\"@id\":\"https:\\\/\\\/ginestavila.cat\\\/fisioterapia-copy\\\/#primaryimage\"},\"thumbnailUrl\":\"https:\\\/\\\/ginestavila.cat\\\/wp-content\\\/uploads\\\/2025\\\/10\\\/poster-agraiments_page-0001-1-717x1024.jpg\",\"datePublished\":\"2025-10-11T16:45:20+00:00\",\"dateModified\":\"2025-10-11T16:50:44+00:00\",\"description\":\"Si necessites millorar el moviment del teu bra\u00e7, reduir el seu per\u00edmetre i recuperar la bona sensaci\u00f3, la fisioter\u00e0pia oncol\u00f2gica t'ajudar\u00e0 a aconseguir-ho.\",\"breadcrumb\":{\"@id\":\"https:\\\/\\\/ginestavila.cat\\\/fisioterapia-copy\\\/#breadcrumb\"},\"inLanguage\":\"es\",\"potentialAction\":[{\"@type\":\"ReadAction\",\"target\":[\"https:\\\/\\\/ginestavila.cat\\\/fisioterapia-copy\\\/\"]}]},{\"@type\":\"ImageObject\",\"inLanguage\":\"es\",\"@id\":\"https:\\\/\\\/ginestavila.cat\\\/fisioterapia-copy\\\/#primaryimage\",\"url\":\"https:\\\/\\\/ginestavila.cat\\\/wp-content\\\/uploads\\\/2025\\\/10\\\/poster-agraiments_page-0001-1-717x1024.jpg\",\"contentUrl\":\"https:\\\/\\\/ginestavila.cat\\\/wp-content\\\/uploads\\\/2025\\\/10\\\/poster-agraiments_page-0001-1-717x1024.jpg\"},{\"@type\":\"BreadcrumbList\",\"@id\":\"https:\\\/\\\/ginestavila.cat\\\/fisioterapia-copy\\\/#breadcrumb\",\"itemListElement\":[{\"@type\":\"ListItem\",\"position\":1,\"name\":\"Portada\",\"item\":\"https:\\\/\\\/ginestavila.cat\\\/\"},{\"@type\":\"ListItem\",\"position\":2,\"name\":\"Agra\u00efments acte Solidari\"}]},{\"@type\":\"WebSite\",\"@id\":\"https:\\\/\\\/ginestavila.cat\\\/#website\",\"url\":\"https:\\\/\\\/ginestavila.cat\\\/\",\"name\":\"GINESTA\",\"description\":\"Grup de suport per a dones amb c\u00e0ncer de mama\",\"publisher\":{\"@id\":\"https:\\\/\\\/ginestavila.cat\\\/#organization\"},\"potentialAction\":[{\"@type\":\"SearchAction\",\"target\":{\"@type\":\"EntryPoint\",\"urlTemplate\":\"https:\\\/\\\/ginestavila.cat\\\/?s={search_term_string}\"},\"query-input\":{\"@type\":\"PropertyValueSpecification\",\"valueRequired\":true,\"valueName\":\"search_term_string\"}}],\"inLanguage\":\"es\"},{\"@type\":\"Organization\",\"@id\":\"https:\\\/\\\/ginestavila.cat\\\/#organization\",\"name\":\"GINESTA - Grup d'autoajuda per a dones amb c\u00e0ncer de mama\",\"alternateName\":\"GINESTA\",\"url\":\"https:\\\/\\\/ginestavila.cat\\\/\",\"logo\":{\"@type\":\"ImageObject\",\"inLanguage\":\"es\",\"@id\":\"https:\\\/\\\/ginestavila.cat\\\/#\\\/schema\\\/logo\\\/image\\\/\",\"url\":\"https:\\\/\\\/ginestavila.cat\\\/wp-content\\\/uploads\\\/2025\\\/05\\\/cropped-logo_sensefons_colorrosa-scaled-2.png\",\"contentUrl\":\"https:\\\/\\\/ginestavila.cat\\\/wp-content\\\/uploads\\\/2025\\\/05\\\/cropped-logo_sensefons_colorrosa-scaled-2.png\",\"width\":2560,\"height\":2235,\"caption\":\"GINESTA - Grup d'autoajuda per a dones amb c\u00e0ncer de mama\"},\"image\":{\"@id\":\"https:\\\/\\\/ginestavila.cat\\\/#\\\/schema\\\/logo\\\/image\\\/\"},\"sameAs\":[\"https:\\\/\\\/www.facebook.com\\\/ginesta.vila\\\/?locale=es_ES\",\"https:\\\/\\\/www.instagram.com\\\/ginesta_vilafranca\\\/\"]}]}<\/script>\n<!-- \/ Yoast SEO plugin. -->","yoast_head_json":{"title":"Agra\u00efments acte Solidari - GINESTA","description":"Si necessites millorar el moviment del teu bra\u00e7, reduir el seu per\u00edmetre i recuperar la bona sensaci\u00f3, la fisioter\u00e0pia oncol\u00f2gica t'ajudar\u00e0 a aconseguir-ho.","robots":{"index":"index","follow":"follow","max-snippet":"max-snippet:-1","max-image-preview":"max-image-preview:large","max-video-preview":"max-video-preview:-1"},"canonical":"https:\/\/ginestavila.cat\/es\/fisioterapia-copy\/","og_locale":"es_ES","og_type":"article","og_title":"Agra\u00efments acte Solidari - GINESTA","og_description":"Si necessites millorar el moviment del teu bra\u00e7, reduir el seu per\u00edmetre i recuperar la bona sensaci\u00f3, la fisioter\u00e0pia oncol\u00f2gica t'ajudar\u00e0 a aconseguir-ho.","og_url":"https:\/\/ginestavila.cat\/es\/fisioterapia-copy\/","og_site_name":"GINESTA","article_publisher":"https:\/\/www.facebook.com\/ginesta.vila\/?locale=es_ES","article_modified_time":"2025-10-11T16:50:44+00:00","og_image":[{"url":"https:\/\/ginestavila.cat\/wp-content\/uploads\/2025\/10\/poster-agraiments_page-0001-1-717x1024.jpg","type":"","width":"","height":""}],"twitter_card":"summary_large_image","twitter_misc":{"Tiempo de lectura":"2 minutos"},"schema":{"@context":"https:\/\/schema.org","@graph":[{"@type":"WebPage","@id":"https:\/\/ginestavila.cat\/fisioterapia-copy\/","url":"https:\/\/ginestavila.cat\/fisioterapia-copy\/","name":"Agra\u00efments acte Solidari - GINESTA","isPartOf":{"@id":"https:\/\/ginestavila.cat\/#website"},"primaryImageOfPage":{"@id":"https:\/\/ginestavila.cat\/fisioterapia-copy\/#primaryimage"},"image":{"@id":"https:\/\/ginestavila.cat\/fisioterapia-copy\/#primaryimage"},"thumbnailUrl":"https:\/\/ginestavila.cat\/wp-content\/uploads\/2025\/10\/poster-agraiments_page-0001-1-717x1024.jpg","datePublished":"2025-10-11T16:45:20+00:00","dateModified":"2025-10-11T16:50:44+00:00","description":"Si necessites millorar el moviment del teu bra\u00e7, reduir el seu per\u00edmetre i recuperar la bona sensaci\u00f3, la fisioter\u00e0pia oncol\u00f2gica t'ajudar\u00e0 a aconseguir-ho.","breadcrumb":{"@id":"https:\/\/ginestavila.cat\/fisioterapia-copy\/#breadcrumb"},"inLanguage":"es","potentialAction":[{"@type":"ReadAction","target":["https:\/\/ginestavila.cat\/fisioterapia-copy\/"]}]},{"@type":"ImageObject","inLanguage":"es","@id":"https:\/\/ginestavila.cat\/fisioterapia-copy\/#primaryimage","url":"https:\/\/ginestavila.cat\/wp-content\/uploads\/2025\/10\/poster-agraiments_page-0001-1-717x1024.jpg","contentUrl":"https:\/\/ginestavila.cat\/wp-content\/uploads\/2025\/10\/poster-agraiments_page-0001-1-717x1024.jpg"},{"@type":"BreadcrumbList","@id":"https:\/\/ginestavila.cat\/fisioterapia-copy\/#breadcrumb","itemListElement":[{"@type":"ListItem","position":1,"name":"Portada","item":"https:\/\/ginestavila.cat\/"},{"@type":"ListItem","position":2,"name":"Agra\u00efments acte Solidari"}]},{"@type":"WebSite","@id":"https:\/\/ginestavila.cat\/#website","url":"https:\/\/ginestavila.cat\/","name":"GINESTA","description":"Grupo de apoyo y actividades para mujeres con c\u00e1ncer de mama en el Pened\u00e9s","publisher":{"@id":"https:\/\/ginestavila.cat\/#organization"},"potentialAction":[{"@type":"SearchAction","target":{"@type":"EntryPoint","urlTemplate":"https:\/\/ginestavila.cat\/?s={search_term_string}"},"query-input":{"@type":"PropertyValueSpecification","valueRequired":true,"valueName":"search_term_string"}}],"inLanguage":"es"},{"@type":"Organization","@id":"https:\/\/ginestavila.cat\/#organization","name":"GINESTA - Grup d'autoajuda per a dones amb c\u00e0ncer de mama","alternateName":"GINESTA","url":"https:\/\/ginestavila.cat\/","logo":{"@type":"ImageObject","inLanguage":"es","@id":"https:\/\/ginestavila.cat\/#\/schema\/logo\/image\/","url":"https:\/\/ginestavila.cat\/wp-content\/uploads\/2025\/05\/cropped-logo_sensefons_colorrosa-scaled-2.png","contentUrl":"https:\/\/ginestavila.cat\/wp-content\/uploads\/2025\/05\/cropped-logo_sensefons_colorrosa-scaled-2.png","width":2560,"height":2235,"caption":"GINESTA - Grup d'autoajuda per a dones amb c\u00e0ncer de mama"},"image":{"@id":"https:\/\/ginestavila.cat\/#\/schema\/logo\/image\/"},"sameAs":["https:\/\/www.facebook.com\/ginesta.vila\/?locale=es_ES","https:\/\/www.instagram.com\/ginesta_vilafranca\/"]}]}},"rttpg_featured_image_url":null,"rttpg_author":{"display_name":"provaginestavila","author_link":"https:\/\/ginestavila.cat\/es\/author\/provaginestavila\/"},"rttpg_comment":0,"rttpg_category":null,"rttpg_excerpt":"Aquest acte solidari en Benefici de Ginesta ha esta possible gr\u00e0cies a&#8230; Facebook Instagram","_links":{"self":[{"href":"https:\/\/ginestavila.cat\/es\/wp-json\/wp\/v2\/pages\/1908","targetHints":{"allow":["GET"]}}],"collection":[{"href":"https:\/\/ginestavila.cat\/es\/wp-json\/wp\/v2\/pages"}],"about":[{"href":"https:\/\/ginestavila.cat\/es\/wp-json\/wp\/v2\/types\/page"}],"author":[{"embeddable":true,"href":"https:\/\/ginestavila.cat\/es\/wp-json\/wp\/v2\/users\/1"}],"replies":[{"embeddable":true,"href":"https:\/\/ginestavila.cat\/es\/wp-json\/wp\/v2\/comments?post=1908"}],"version-history":[{"count":4,"href":"https:\/\/ginestavila.cat\/es\/wp-json\/wp\/v2\/pages\/1908\/revisions"}],"predecessor-version":[{"id":1916,"href":"https:\/\/ginestavila.cat\/es\/wp-json\/wp\/v2\/pages\/1908\/revisions\/1916"}],"wp:attachment":[{"href":"https:\/\/ginestavila.cat\/es\/wp-json\/wp\/v2\/media?parent=1908"}],"curies":[{"name":"wp","href":"https:\/\/api.w.org\/{rel}","templated":true}]}}