{"id":1858,"date":"2025-09-02T21:12:46","date_gmt":"2025-09-02T19:12:46","guid":{"rendered":"https:\/\/ginestavila.cat\/?page_id=1858"},"modified":"2025-12-17T17:53:51","modified_gmt":"2025-12-17T16:53:51","slug":"activitats-setembre","status":"publish","type":"page","link":"https:\/\/ginestavila.cat\/es\/activitats-setembre\/","title":{"rendered":"Programaci\u00f3 1r trimestre 2026"},"content":{"rendered":"<div data-elementor-type=\"wp-page\" data-elementor-id=\"1858\" class=\"elementor elementor-1858\">\n\t\t\t\t\t\t<section class=\"elementor-section elementor-top-section elementor-element elementor-element-303febd4 elementor-section-height-min-height elementor-section-items-stretch elementor-section-boxed elementor-section-height-default\" data-id=\"303febd4\" data-element_type=\"section\" data-e-type=\"section\" data-settings=\"{&quot;background_background&quot;:&quot;classic&quot;,&quot;shape_divider_bottom&quot;:&quot;tilt&quot;}\">\n\t\t\t\t\t\t\t<div class=\"elementor-background-overlay\"><\/div>\n\t\t\t\t\t\t<div class=\"elementor-shape elementor-shape-bottom\" aria-hidden=\"true\" data-negative=\"false\">\n\t\t\t<svg xmlns=\"http:\/\/www.w3.org\/2000\/svg\" viewbox=\"0 0 1000 100\" preserveaspectratio=\"none\">\n\t<path class=\"elementor-shape-fill\" d=\"M0,6V0h1000v100L0,6z\"\/>\n<\/svg>\t\t<\/div>\n\t\t\t\t\t<div class=\"elementor-container elementor-column-gap-default\">\n\t\t\t\t\t<div class=\"elementor-column elementor-col-100 elementor-top-column elementor-element elementor-element-8319b22\" data-id=\"8319b22\" data-element_type=\"column\" data-e-type=\"column\">\n\t\t\t<div class=\"elementor-widget-wrap elementor-element-populated\">\n\t\t\t\t\t\t<div class=\"elementor-element elementor-element-7a2ef9ce elementor-invisible elementor-widget elementor-widget-heading\" data-id=\"7a2ef9ce\" data-element_type=\"widget\" data-e-type=\"widget\" data-settings=\"{&quot;_animation&quot;:&quot;fadeInDown&quot;}\" data-widget_type=\"heading.default\">\n\t\t\t\t<div class=\"elementor-widget-container\">\n\t\t\t\t\t<h3 class=\"elementor-heading-title elementor-size-default\">Programaci\u00f3 d'activitats, tallers i serveis per a aquest trimestre<\/h3>\t\t\t\t<\/div>\n\t\t\t\t<\/div>\n\t\t\t\t\t<\/div>\n\t\t<\/div>\n\t\t\t\t\t<\/div>\n\t\t<\/section>\n\t\t\t\t<section class=\"elementor-section elementor-top-section elementor-element elementor-element-9ee93cd elementor-section-boxed elementor-section-height-default elementor-section-height-default\" data-id=\"9ee93cd\" data-element_type=\"section\" data-e-type=\"section\" data-settings=\"{&quot;background_background&quot;:&quot;classic&quot;}\">\n\t\t\t\t\t\t<div class=\"elementor-container elementor-column-gap-default\">\n\t\t\t\t\t<div class=\"elementor-column elementor-col-100 elementor-top-column elementor-element elementor-element-5331fa80\" data-id=\"5331fa80\" data-element_type=\"column\" data-e-type=\"column\">\n\t\t\t<div class=\"elementor-widget-wrap elementor-element-populated\">\n\t\t\t\t\t\t<div class=\"elementor-element elementor-element-b7d27e1 elementor-view-default elementor-widget elementor-widget-icon\" data-id=\"b7d27e1\" data-element_type=\"widget\" data-e-type=\"widget\" data-widget_type=\"icon.default\">\n\t\t\t\t<div class=\"elementor-widget-container\">\n\t\t\t\t\t\t\t<div class=\"elementor-icon-wrapper\">\n\t\t\t<div class=\"elementor-icon\">\n\t\t\t<i aria-hidden=\"true\" class=\"fas fa-info-circle\"><\/i>\t\t\t<\/div>\n\t\t<\/div>\n\t\t\t\t\t\t<\/div>\n\t\t\t\t<\/div>\n\t\t\t\t<div class=\"elementor-element elementor-element-67122e6 elementor-widget__width-initial elementor-widget elementor-widget-text-editor\" data-id=\"67122e6\" data-element_type=\"widget\" data-e-type=\"widget\" data-widget_type=\"text-editor.default\">\n\t\t\t\t<div class=\"elementor-widget-container\">\n\t\t\t\t\t\t\t\t\t<p style=\"text-align: center;\"><strong>TRIA JA LA TEVA ACTIVITAT I INSCRIU-T&#8217;HI<\/strong><\/p><p style=\"text-align: center;\">\u00c9s molt f\u00e0cil, contacta&#8217;ns per whatsapp i t&#8217;indiquem com fer-ho.<\/p>\t\t\t\t\t\t\t\t<\/div>\n\t\t\t\t<\/div>\n\t\t\t\t<div class=\"elementor-element elementor-element-18809e15 elementor-widget elementor-widget-image\" data-id=\"18809e15\" data-element_type=\"widget\" data-e-type=\"widget\" data-widget_type=\"image.default\">\n\t\t\t\t<div class=\"elementor-widget-container\">\n\t\t\t\t\t\t\t\t\t\t\t\t\t\t\t<img fetchpriority=\"high\" decoding=\"async\" width=\"1237\" height=\"1750\" src=\"https:\/\/ginestavila.cat\/wp-content\/uploads\/2025\/12\/Tallers_1er_Trimestre_2026.pdf.jpg\" class=\"attachment-full size-full wp-image-1928\" alt=\"\" srcset=\"https:\/\/ginestavila.cat\/wp-content\/uploads\/2025\/12\/Tallers_1er_Trimestre_2026.pdf.jpg 1237w, https:\/\/ginestavila.cat\/wp-content\/uploads\/2025\/12\/Tallers_1er_Trimestre_2026.pdf-212x300.jpg 212w, https:\/\/ginestavila.cat\/wp-content\/uploads\/2025\/12\/Tallers_1er_Trimestre_2026.pdf-724x1024.jpg 724w, https:\/\/ginestavila.cat\/wp-content\/uploads\/2025\/12\/Tallers_1er_Trimestre_2026.pdf-768x1086.jpg 768w, https:\/\/ginestavila.cat\/wp-content\/uploads\/2025\/12\/Tallers_1er_Trimestre_2026.pdf-1086x1536.jpg 1086w, https:\/\/ginestavila.cat\/wp-content\/uploads\/2025\/12\/Tallers_1er_Trimestre_2026.pdf-8x12.jpg 8w\" sizes=\"(max-width: 1237px) 100vw, 1237px\" \/>\t\t\t\t\t\t\t\t\t\t\t\t\t\t\t<\/div>\n\t\t\t\t<\/div>\n\t\t\t\t\t<\/div>\n\t\t<\/div>\n\t\t\t\t\t<\/div>\n\t\t<\/section>\n\t\t\t\t<section class=\"elementor-section elementor-top-section elementor-element elementor-element-41ea3481 elementor-section-content-middle elementor-section-boxed elementor-section-height-default elementor-section-height-default\" data-id=\"41ea3481\" data-element_type=\"section\" data-e-type=\"section\" data-settings=\"{&quot;background_background&quot;:&quot;classic&quot;}\">\n\t\t\t\t\t\t\t<div class=\"elementor-background-overlay\"><\/div>\n\t\t\t\t\t\t\t<div class=\"elementor-container elementor-column-gap-no\">\n\t\t\t\t\t<div class=\"elementor-column elementor-col-100 elementor-top-column elementor-element elementor-element-3142d12\" data-id=\"3142d12\" data-element_type=\"column\" data-e-type=\"column\">\n\t\t\t<div class=\"elementor-widget-wrap elementor-element-populated\">\n\t\t\t\t\t\t<div class=\"elementor-element elementor-element-73aea8e elementor-widget elementor-widget-image\" data-id=\"73aea8e\" data-element_type=\"widget\" data-e-type=\"widget\" data-widget_type=\"image.default\">\n\t\t\t\t<div class=\"elementor-widget-container\">\n\t\t\t\t\t\t\t\t\t\t\t\t\t\t\t<img decoding=\"async\" width=\"150\" height=\"150\" src=\"https:\/\/ginestavila.cat\/wp-content\/uploads\/2025\/05\/ginesta-150x150.png\" class=\"attachment-thumbnail size-thumbnail wp-image-279\" alt=\"\" \/>\t\t\t\t\t\t\t\t\t\t\t\t\t\t\t<\/div>\n\t\t\t\t<\/div>\n\t\t\t\t<div class=\"elementor-element elementor-element-05bca67 elementor-shape-rounded elementor-grid-0 e-grid-align-center elementor-widget elementor-widget-social-icons\" data-id=\"05bca67\" data-element_type=\"widget\" data-e-type=\"widget\" data-widget_type=\"social-icons.default\">\n\t\t\t\t<div class=\"elementor-widget-container\">\n\t\t\t\t\t\t\t<div class=\"elementor-social-icons-wrapper elementor-grid\" role=\"list\">\n\t\t\t\t\t\t\t<span class=\"elementor-grid-item\" role=\"listitem\">\n\t\t\t\t\t<a class=\"elementor-icon elementor-social-icon elementor-social-icon-facebook elementor-repeater-item-db9cd74\" target=\"_blank\">\n\t\t\t\t\t\t<span class=\"elementor-screen-only\">Facebook<\/span>\n\t\t\t\t\t\t<i aria-hidden=\"true\" class=\"fab fa-facebook\"><\/i>\t\t\t\t\t<\/a>\n\t\t\t\t<\/span>\n\t\t\t\t\t\t\t<span class=\"elementor-grid-item\" role=\"listitem\">\n\t\t\t\t\t<a class=\"elementor-icon elementor-social-icon elementor-social-icon-instagram elementor-repeater-item-78cf6ea\" target=\"_blank\">\n\t\t\t\t\t\t<span class=\"elementor-screen-only\">Instagram<\/span>\n\t\t\t\t\t\t<i aria-hidden=\"true\" class=\"fab fa-instagram\"><\/i>\t\t\t\t\t<\/a>\n\t\t\t\t<\/span>\n\t\t\t\t\t<\/div>\n\t\t\t\t\t\t<\/div>\n\t\t\t\t<\/div>\n\t\t\t\t<div class=\"elementor-element elementor-element-5b1f3dd elementor-arrows-position-inside elementor-pagination-position-outside elementor-widget elementor-widget-image-carousel\" data-id=\"5b1f3dd\" data-element_type=\"widget\" data-e-type=\"widget\" data-settings=\"{&quot;slides_to_show&quot;:&quot;6&quot;,&quot;navigation&quot;:&quot;both&quot;,&quot;autoplay&quot;:&quot;yes&quot;,&quot;pause_on_hover&quot;:&quot;yes&quot;,&quot;pause_on_interaction&quot;:&quot;yes&quot;,&quot;autoplay_speed&quot;:5000,&quot;infinite&quot;:&quot;yes&quot;,&quot;speed&quot;:500}\" data-widget_type=\"image-carousel.default\">\n\t\t\t\t<div class=\"elementor-widget-container\">\n\t\t\t\t\t\t\t<div class=\"elementor-image-carousel-wrapper swiper\" role=\"region\" aria-roledescription=\"carousel\" aria-label=\"Carrusel de im\u00e1genes\" dir=\"ltr\">\n\t\t\t<div class=\"elementor-image-carousel swiper-wrapper\" aria-live=\"off\">\n\t\t\t\t\t\t\t\t<div class=\"swiper-slide\" role=\"group\" aria-roledescription=\"slide\" aria-label=\"1 de 6\"><figure class=\"swiper-slide-inner\"><img decoding=\"async\" class=\"swiper-slide-image\" src=\"https:\/\/ginestavila.cat\/wp-content\/uploads\/2025\/09\/La-Caixa.png\" alt=\"La Caixa\" \/><\/figure><\/div><div class=\"swiper-slide\" role=\"group\" aria-roledescription=\"slide\" aria-label=\"2 de 6\"><figure class=\"swiper-slide-inner\"><img decoding=\"async\" class=\"swiper-slide-image\" src=\"https:\/\/ginestavila.cat\/wp-content\/uploads\/2025\/09\/Data-Protec-1.png\" alt=\"Data Protec\" \/><\/figure><\/div><div class=\"swiper-slide\" role=\"group\" aria-roledescription=\"slide\" aria-label=\"3 de 6\"><figure class=\"swiper-slide-inner\"><img decoding=\"async\" class=\"swiper-slide-image\" src=\"https:\/\/ginestavila.cat\/wp-content\/uploads\/2025\/09\/Ajuntament-de-Vilafranca.png\" alt=\"Ajuntament de Vilafranca\" \/><\/figure><\/div><div class=\"swiper-slide\" role=\"group\" aria-roledescription=\"slide\" aria-label=\"4 de 6\"><figure class=\"swiper-slide-inner\"><img decoding=\"async\" class=\"swiper-slide-image\" src=\"https:\/\/ginestavila.cat\/wp-content\/uploads\/2025\/09\/Ajuntament-de-Sat-sadurni-dAnoia.png\" alt=\"Ajuntament de Sat sadurn\u00ed d&#039;Anoia\" \/><\/figure><\/div><div class=\"swiper-slide\" role=\"group\" aria-roledescription=\"slide\" aria-label=\"5 de 6\"><figure class=\"swiper-slide-inner\"><img decoding=\"async\" class=\"swiper-slide-image\" src=\"https:\/\/ginestavila.cat\/wp-content\/uploads\/2025\/09\/Ajuntament-de-Santa-margarida-i-els-Monjos.png\" alt=\"Ajuntament de Santa margarida i els Monjos\" \/><\/figure><\/div><div class=\"swiper-slide\" role=\"group\" aria-roledescription=\"slide\" aria-label=\"6 de 6\"><figure class=\"swiper-slide-inner\"><img decoding=\"async\" class=\"swiper-slide-image\" src=\"https:\/\/ginestavila.cat\/wp-content\/uploads\/2025\/09\/Ajuntament-de-Pacs-1.png\" alt=\"Ajuntament de Pacs\" \/><\/figure><\/div>\t\t\t<\/div>\n\t\t\t\t\t\t\t\t\t\t\t\t<div class=\"elementor-swiper-button elementor-swiper-button-prev\" role=\"button\" tabindex=\"0\">\n\t\t\t\t\t\t<i aria-hidden=\"true\" class=\"eicon-chevron-left\"><\/i>\t\t\t\t\t<\/div>\n\t\t\t\t\t<div class=\"elementor-swiper-button elementor-swiper-button-next\" role=\"button\" tabindex=\"0\">\n\t\t\t\t\t\t<i aria-hidden=\"true\" class=\"eicon-chevron-right\"><\/i>\t\t\t\t\t<\/div>\n\t\t\t\t\n\t\t\t\t\t\t\t\t\t<div class=\"swiper-pagination\"><\/div>\n\t\t\t\t\t\t\t\t\t<\/div>\n\t\t\t\t\t\t<\/div>\n\t\t\t\t<\/div>\n\t\t\t\t\t<\/div>\n\t\t<\/div>\n\t\t\t\t\t<\/div>\n\t\t<\/section>\n\t\t\t\t<\/div>","protected":false},"excerpt":{"rendered":"<p>Programaci\u00f3 d&#8217;activitats, tallers i serveis per a aquest trimestre TRIA JA LA TEVA ACTIVITAT I INSCRIU-T&#8217;HI \u00c9s molt f\u00e0cil, contacta&#8217;ns per whatsapp i t&#8217;indiquem com fer-ho. Facebook Instagram<\/p>","protected":false},"author":1,"featured_media":0,"parent":0,"menu_order":0,"comment_status":"closed","ping_status":"closed","template":"","meta":{"footnotes":""},"class_list":["post-1858","page","type-page","status-publish","hentry"],"yoast_head":"<!-- This site is optimized with the Yoast SEO plugin v27.4 - https:\/\/yoast.com\/product\/yoast-seo-wordpress\/ -->\n<title>Programaci\u00f3 1r trimestre 2026 - GINESTA<\/title>\n<meta name=\"description\" content=\"INCRIPCIONS 2026 OBERTES: Consulta ja la nostra programaci\u00f3 d&#039;activitats i tria la que m\u00e9s t&#039;agradi. Recorda que la gran majoria estan obertes a tothom.\" \/>\n<meta name=\"robots\" content=\"index, follow, max-snippet:-1, max-image-preview:large, max-video-preview:-1\" \/>\n<link rel=\"canonical\" href=\"https:\/\/ginestavila.cat\/es\/activitats-setembre\/\" \/>\n<meta property=\"og:locale\" content=\"es_ES\" \/>\n<meta property=\"og:type\" content=\"article\" \/>\n<meta property=\"og:title\" content=\"Programaci\u00f3 1r trimestre 2026 - GINESTA\" \/>\n<meta property=\"og:description\" content=\"INCRIPCIONS 2026 OBERTES: Consulta ja la nostra programaci\u00f3 d&#039;activitats i tria la que m\u00e9s t&#039;agradi. Recorda que la gran majoria estan obertes a tothom.\" \/>\n<meta property=\"og:url\" content=\"https:\/\/ginestavila.cat\/es\/activitats-setembre\/\" \/>\n<meta property=\"og:site_name\" content=\"GINESTA\" \/>\n<meta property=\"article:publisher\" content=\"https:\/\/www.facebook.com\/ginesta.vila\/?locale=es_ES\" \/>\n<meta property=\"article:modified_time\" content=\"2025-12-17T16:53:51+00:00\" \/>\n<meta property=\"og:image\" content=\"https:\/\/ginestavila.cat\/wp-content\/uploads\/2025\/12\/Tallers_1er_Trimestre_2026.pdf.jpg\" \/>\n\t<meta property=\"og:image:width\" content=\"1237\" \/>\n\t<meta property=\"og:image:height\" content=\"1750\" \/>\n\t<meta property=\"og:image:type\" content=\"image\/jpeg\" \/>\n<meta name=\"twitter:card\" content=\"summary_large_image\" \/>\n<meta name=\"twitter:label1\" content=\"Tiempo de lectura\" \/>\n\t<meta name=\"twitter:data1\" content=\"3 minutos\" \/>\n<script type=\"application\/ld+json\" class=\"yoast-schema-graph\">{\"@context\":\"https:\\\/\\\/schema.org\",\"@graph\":[{\"@type\":\"WebPage\",\"@id\":\"https:\\\/\\\/ginestavila.cat\\\/activitats-setembre\\\/\",\"url\":\"https:\\\/\\\/ginestavila.cat\\\/activitats-setembre\\\/\",\"name\":\"Programaci\u00f3 1r trimestre 2026 - GINESTA\",\"isPartOf\":{\"@id\":\"https:\\\/\\\/ginestavila.cat\\\/#website\"},\"primaryImageOfPage\":{\"@id\":\"https:\\\/\\\/ginestavila.cat\\\/activitats-setembre\\\/#primaryimage\"},\"image\":{\"@id\":\"https:\\\/\\\/ginestavila.cat\\\/activitats-setembre\\\/#primaryimage\"},\"thumbnailUrl\":\"https:\\\/\\\/ginestavila.cat\\\/wp-content\\\/uploads\\\/2025\\\/12\\\/Tallers_1er_Trimestre_2026.pdf.jpg\",\"datePublished\":\"2025-09-02T19:12:46+00:00\",\"dateModified\":\"2025-12-17T16:53:51+00:00\",\"description\":\"INCRIPCIONS 2026 OBERTES: Consulta ja la nostra programaci\u00f3 d'activitats i tria la que m\u00e9s t'agradi. Recorda que la gran majoria estan obertes a tothom.\",\"breadcrumb\":{\"@id\":\"https:\\\/\\\/ginestavila.cat\\\/activitats-setembre\\\/#breadcrumb\"},\"inLanguage\":\"es\",\"potentialAction\":[{\"@type\":\"ReadAction\",\"target\":[\"https:\\\/\\\/ginestavila.cat\\\/activitats-setembre\\\/\"]}]},{\"@type\":\"ImageObject\",\"inLanguage\":\"es\",\"@id\":\"https:\\\/\\\/ginestavila.cat\\\/activitats-setembre\\\/#primaryimage\",\"url\":\"https:\\\/\\\/ginestavila.cat\\\/wp-content\\\/uploads\\\/2025\\\/12\\\/Tallers_1er_Trimestre_2026.pdf.jpg\",\"contentUrl\":\"https:\\\/\\\/ginestavila.cat\\\/wp-content\\\/uploads\\\/2025\\\/12\\\/Tallers_1er_Trimestre_2026.pdf.jpg\"},{\"@type\":\"BreadcrumbList\",\"@id\":\"https:\\\/\\\/ginestavila.cat\\\/activitats-setembre\\\/#breadcrumb\",\"itemListElement\":[{\"@type\":\"ListItem\",\"position\":1,\"name\":\"Portada\",\"item\":\"https:\\\/\\\/ginestavila.cat\\\/\"},{\"@type\":\"ListItem\",\"position\":2,\"name\":\"Programaci\u00f3 1r trimestre 2026\"}]},{\"@type\":\"WebSite\",\"@id\":\"https:\\\/\\\/ginestavila.cat\\\/#website\",\"url\":\"https:\\\/\\\/ginestavila.cat\\\/\",\"name\":\"GINESTA\",\"description\":\"Grup de suport per a dones amb c\u00e0ncer de mama\",\"publisher\":{\"@id\":\"https:\\\/\\\/ginestavila.cat\\\/#organization\"},\"potentialAction\":[{\"@type\":\"SearchAction\",\"target\":{\"@type\":\"EntryPoint\",\"urlTemplate\":\"https:\\\/\\\/ginestavila.cat\\\/?s={search_term_string}\"},\"query-input\":{\"@type\":\"PropertyValueSpecification\",\"valueRequired\":true,\"valueName\":\"search_term_string\"}}],\"inLanguage\":\"es\"},{\"@type\":\"Organization\",\"@id\":\"https:\\\/\\\/ginestavila.cat\\\/#organization\",\"name\":\"GINESTA - Grup d'autoajuda per a dones amb c\u00e0ncer de mama\",\"alternateName\":\"GINESTA\",\"url\":\"https:\\\/\\\/ginestavila.cat\\\/\",\"logo\":{\"@type\":\"ImageObject\",\"inLanguage\":\"es\",\"@id\":\"https:\\\/\\\/ginestavila.cat\\\/#\\\/schema\\\/logo\\\/image\\\/\",\"url\":\"https:\\\/\\\/ginestavila.cat\\\/wp-content\\\/uploads\\\/2025\\\/05\\\/cropped-logo_sensefons_colorrosa-scaled-2.png\",\"contentUrl\":\"https:\\\/\\\/ginestavila.cat\\\/wp-content\\\/uploads\\\/2025\\\/05\\\/cropped-logo_sensefons_colorrosa-scaled-2.png\",\"width\":2560,\"height\":2235,\"caption\":\"GINESTA - Grup d'autoajuda per a dones amb c\u00e0ncer de mama\"},\"image\":{\"@id\":\"https:\\\/\\\/ginestavila.cat\\\/#\\\/schema\\\/logo\\\/image\\\/\"},\"sameAs\":[\"https:\\\/\\\/www.facebook.com\\\/ginesta.vila\\\/?locale=es_ES\",\"https:\\\/\\\/www.instagram.com\\\/ginesta_vilafranca\\\/\"]}]}<\/script>\n<!-- \/ Yoast SEO plugin. -->","yoast_head_json":{"title":"Programaci\u00f3 1r trimestre 2026 - GINESTA","description":"INCRIPCIONS 2026 OBERTES: Consulta ja la nostra programaci\u00f3 d'activitats i tria la que m\u00e9s t'agradi. Recorda que la gran majoria estan obertes a tothom.","robots":{"index":"index","follow":"follow","max-snippet":"max-snippet:-1","max-image-preview":"max-image-preview:large","max-video-preview":"max-video-preview:-1"},"canonical":"https:\/\/ginestavila.cat\/es\/activitats-setembre\/","og_locale":"es_ES","og_type":"article","og_title":"Programaci\u00f3 1r trimestre 2026 - GINESTA","og_description":"INCRIPCIONS 2026 OBERTES: Consulta ja la nostra programaci\u00f3 d'activitats i tria la que m\u00e9s t'agradi. Recorda que la gran majoria estan obertes a tothom.","og_url":"https:\/\/ginestavila.cat\/es\/activitats-setembre\/","og_site_name":"GINESTA","article_publisher":"https:\/\/www.facebook.com\/ginesta.vila\/?locale=es_ES","article_modified_time":"2025-12-17T16:53:51+00:00","og_image":[{"width":1237,"height":1750,"url":"https:\/\/ginestavila.cat\/wp-content\/uploads\/2025\/12\/Tallers_1er_Trimestre_2026.pdf.jpg","type":"image\/jpeg"}],"twitter_card":"summary_large_image","twitter_misc":{"Tiempo de lectura":"3 minutos"},"schema":{"@context":"https:\/\/schema.org","@graph":[{"@type":"WebPage","@id":"https:\/\/ginestavila.cat\/activitats-setembre\/","url":"https:\/\/ginestavila.cat\/activitats-setembre\/","name":"Programaci\u00f3 1r trimestre 2026 - GINESTA","isPartOf":{"@id":"https:\/\/ginestavila.cat\/#website"},"primaryImageOfPage":{"@id":"https:\/\/ginestavila.cat\/activitats-setembre\/#primaryimage"},"image":{"@id":"https:\/\/ginestavila.cat\/activitats-setembre\/#primaryimage"},"thumbnailUrl":"https:\/\/ginestavila.cat\/wp-content\/uploads\/2025\/12\/Tallers_1er_Trimestre_2026.pdf.jpg","datePublished":"2025-09-02T19:12:46+00:00","dateModified":"2025-12-17T16:53:51+00:00","description":"INCRIPCIONS 2026 OBERTES: Consulta ja la nostra programaci\u00f3 d'activitats i tria la que m\u00e9s t'agradi. Recorda que la gran majoria estan obertes a tothom.","breadcrumb":{"@id":"https:\/\/ginestavila.cat\/activitats-setembre\/#breadcrumb"},"inLanguage":"es","potentialAction":[{"@type":"ReadAction","target":["https:\/\/ginestavila.cat\/activitats-setembre\/"]}]},{"@type":"ImageObject","inLanguage":"es","@id":"https:\/\/ginestavila.cat\/activitats-setembre\/#primaryimage","url":"https:\/\/ginestavila.cat\/wp-content\/uploads\/2025\/12\/Tallers_1er_Trimestre_2026.pdf.jpg","contentUrl":"https:\/\/ginestavila.cat\/wp-content\/uploads\/2025\/12\/Tallers_1er_Trimestre_2026.pdf.jpg"},{"@type":"BreadcrumbList","@id":"https:\/\/ginestavila.cat\/activitats-setembre\/#breadcrumb","itemListElement":[{"@type":"ListItem","position":1,"name":"Portada","item":"https:\/\/ginestavila.cat\/"},{"@type":"ListItem","position":2,"name":"Programaci\u00f3 1r trimestre 2026"}]},{"@type":"WebSite","@id":"https:\/\/ginestavila.cat\/#website","url":"https:\/\/ginestavila.cat\/","name":"GINESTA","description":"Grupo de apoyo y actividades para mujeres con c\u00e1ncer de mama en el Pened\u00e9s","publisher":{"@id":"https:\/\/ginestavila.cat\/#organization"},"potentialAction":[{"@type":"SearchAction","target":{"@type":"EntryPoint","urlTemplate":"https:\/\/ginestavila.cat\/?s={search_term_string}"},"query-input":{"@type":"PropertyValueSpecification","valueRequired":true,"valueName":"search_term_string"}}],"inLanguage":"es"},{"@type":"Organization","@id":"https:\/\/ginestavila.cat\/#organization","name":"GINESTA - Grup d'autoajuda per a dones amb c\u00e0ncer de mama","alternateName":"GINESTA","url":"https:\/\/ginestavila.cat\/","logo":{"@type":"ImageObject","inLanguage":"es","@id":"https:\/\/ginestavila.cat\/#\/schema\/logo\/image\/","url":"https:\/\/ginestavila.cat\/wp-content\/uploads\/2025\/05\/cropped-logo_sensefons_colorrosa-scaled-2.png","contentUrl":"https:\/\/ginestavila.cat\/wp-content\/uploads\/2025\/05\/cropped-logo_sensefons_colorrosa-scaled-2.png","width":2560,"height":2235,"caption":"GINESTA - Grup d'autoajuda per a dones amb c\u00e0ncer de mama"},"image":{"@id":"https:\/\/ginestavila.cat\/#\/schema\/logo\/image\/"},"sameAs":["https:\/\/www.facebook.com\/ginesta.vila\/?locale=es_ES","https:\/\/www.instagram.com\/ginesta_vilafranca\/"]}]}},"rttpg_featured_image_url":null,"rttpg_author":{"display_name":"provaginestavila","author_link":"https:\/\/ginestavila.cat\/es\/author\/provaginestavila\/"},"rttpg_comment":0,"rttpg_category":null,"rttpg_excerpt":"Programaci\u00f3 d&#8217;activitats, tallers i serveis per a aquest trimestre TRIA JA LA TEVA ACTIVITAT I INSCRIU-T&#8217;HI \u00c9s molt f\u00e0cil, contacta&#8217;ns per whatsapp i t&#8217;indiquem com fer-ho. Facebook Instagram","_links":{"self":[{"href":"https:\/\/ginestavila.cat\/es\/wp-json\/wp\/v2\/pages\/1858","targetHints":{"allow":["GET"]}}],"collection":[{"href":"https:\/\/ginestavila.cat\/es\/wp-json\/wp\/v2\/pages"}],"about":[{"href":"https:\/\/ginestavila.cat\/es\/wp-json\/wp\/v2\/types\/page"}],"author":[{"embeddable":true,"href":"https:\/\/ginestavila.cat\/es\/wp-json\/wp\/v2\/users\/1"}],"replies":[{"embeddable":true,"href":"https:\/\/ginestavila.cat\/es\/wp-json\/wp\/v2\/comments?post=1858"}],"version-history":[{"count":14,"href":"https:\/\/ginestavila.cat\/es\/wp-json\/wp\/v2\/pages\/1858\/revisions"}],"predecessor-version":[{"id":1952,"href":"https:\/\/ginestavila.cat\/es\/wp-json\/wp\/v2\/pages\/1858\/revisions\/1952"}],"wp:attachment":[{"href":"https:\/\/ginestavila.cat\/es\/wp-json\/wp\/v2\/media?parent=1858"}],"curies":[{"name":"wp","href":"https:\/\/api.w.org\/{rel}","templated":true}]}}