{"id":1597,"date":"2025-07-17T15:24:28","date_gmt":"2025-07-17T13:24:28","guid":{"rendered":"https:\/\/ginestavila.cat\/?page_id=1597"},"modified":"2025-07-17T15:28:39","modified_gmt":"2025-07-17T13:28:39","slug":"privacitat","status":"publish","type":"page","link":"https:\/\/ginestavila.cat\/es\/privacitat\/","title":{"rendered":"Pol\u00edtica de Privacitat"},"content":{"rendered":"<div data-elementor-type=\"wp-page\" data-elementor-id=\"1597\" class=\"elementor elementor-1597\">\n\t\t\t\t<div class=\"elementor-element elementor-element-308b723 e-flex e-con-boxed e-con e-parent\" data-id=\"308b723\" data-element_type=\"container\" data-e-type=\"container\">\n\t\t\t\t\t<div class=\"e-con-inner\">\n\t\t\t\t<div class=\"elementor-element elementor-element-7620e97 elementor-widget elementor-widget-heading\" data-id=\"7620e97\" data-element_type=\"widget\" data-e-type=\"widget\" data-widget_type=\"heading.default\">\n\t\t\t\t<div class=\"elementor-widget-container\">\n\t\t\t\t\t<h2 class=\"elementor-heading-title elementor-size-default\">Pol\u00edtica de privacitat<\/h2>\t\t\t\t<\/div>\n\t\t\t\t<\/div>\n\t\t\t\t<div class=\"elementor-element elementor-element-ec257d3 elementor-widget elementor-widget-text-editor\" data-id=\"ec257d3\" data-element_type=\"widget\" data-e-type=\"widget\" data-widget_type=\"text-editor.default\">\n\t\t\t\t<div class=\"elementor-widget-container\">\n\t\t\t\t\t\t\t\t\t<p data-start=\"122\" data-end=\"164\"><strong data-start=\"122\" data-end=\"164\">1. Informaci\u00f3 del titular del lloc web<\/strong><\/p><p data-start=\"166\" data-end=\"376\">En compliment del deure d&#8217;informaci\u00f3 recollit a l&#8217;article 10 de la Llei 34\/2002, d&#8217;11 de juliol, de Serveis de la Societat de la Informaci\u00f3 i de Comer\u00e7 Electr\u00f2nic, s&#8217;exposen a continuaci\u00f3 les dades del titular:<\/p><ul data-start=\"378\" data-end=\"613\"><li data-start=\"378\" data-end=\"427\"><p data-start=\"380\" data-end=\"427\"><strong data-start=\"380\" data-end=\"392\">Titular:<\/strong> Ginesta I Grup d&#8217;autoajuda per a dones amb c\u00e0ncer de mama<\/p><\/li><li data-start=\"428\" data-end=\"453\"><p data-start=\"430\" data-end=\"453\"><strong data-start=\"430\" data-end=\"442\">NIF\/CIF: <\/strong>G62087598<\/p><\/li><li data-start=\"454\" data-end=\"489\"><p data-start=\"456\" data-end=\"489\"><strong data-start=\"456\" data-end=\"469\">Domicili:<\/strong> C. Pere el Gran, 32 1r -Edifici Creu Roja-\u00a0 08720 Vilafranca del Pened\u00e8s<\/p><\/li><li data-start=\"454\" data-end=\"489\"><p data-start=\"456\" data-end=\"489\"><strong data-start=\"492\" data-end=\"514\">Correu electr\u00f2nic:<\/strong> ginesta.vilafranca@gmail.com<\/p><\/li><li data-start=\"538\" data-end=\"575\"><p data-start=\"540\" data-end=\"575\"><strong data-start=\"540\" data-end=\"552\">Tel\u00e8fon:<\/strong> 639280708<\/p><\/li><li data-start=\"576\" data-end=\"613\"><p data-start=\"578\" data-end=\"613\"><strong data-start=\"578\" data-end=\"593\">Domini web:<\/strong> ginestavila.cat<\/p><\/li><\/ul><hr data-start=\"778\" data-end=\"781\" \/><p data-start=\"783\" data-end=\"814\"><strong data-start=\"783\" data-end=\"814\">2. Finalitat del tractament<\/strong><\/p><p data-start=\"816\" data-end=\"859\">Les dades es tractaran amb la finalitat de:<\/p><ul data-start=\"860\" data-end=\"1134\"><li data-start=\"860\" data-end=\"910\"><p data-start=\"862\" data-end=\"910\">Gestionar el registre com a usuari del lloc web.<\/p><\/li><li data-start=\"911\" data-end=\"986\"><p data-start=\"913\" data-end=\"986\">Gestionar les consultes realitzades a trav\u00e9s dels formularis de contacte.<\/p><\/li><li data-start=\"987\" data-end=\"1089\"><p data-start=\"989\" data-end=\"1089\">Enviar comunicacions comercials relacionades amb els nostres serveis, si s\u2019ha autoritzat pr\u00e8viament.<\/p><\/li><li data-start=\"1090\" data-end=\"1134\"><p data-start=\"1092\" data-end=\"1134\">Complir amb obligacions legals aplicables.<\/p><\/li><\/ul><hr data-start=\"1136\" data-end=\"1139\" \/><p data-start=\"1141\" data-end=\"1172\"><strong data-start=\"1141\" data-end=\"1172\">3. Conservaci\u00f3 de les dades<\/strong><\/p><p data-start=\"1174\" data-end=\"1489\">Les dades es conservaran mentre existeixi un inter\u00e8s mutu per mantenir la finalitat del tractament o durant el temps necessari per complir amb obligacions legals, i quan ja no sigui necessari, es suprimiran amb mesures de seguretat adequades per garantir la pseudonimitzaci\u00f3 de les dades o la seva destrucci\u00f3 total.<\/p><hr data-start=\"1491\" data-end=\"1494\" \/><p data-start=\"1496\" data-end=\"1529\"><strong data-start=\"1496\" data-end=\"1529\">4. Legitimaci\u00f3 del tractament<\/strong><\/p><p data-start=\"1531\" data-end=\"1585\">La base legal per al tractament de les teves dades \u00e9s:<\/p><ul data-start=\"1586\" data-end=\"1743\"><li data-start=\"1586\" data-end=\"1661\"><p data-start=\"1588\" data-end=\"1661\">El consentiment de l\u2019usuari per a una o diverses finalitats espec\u00edfiques.<\/p><\/li><li data-start=\"1662\" data-end=\"1705\"><p data-start=\"1664\" data-end=\"1705\">L\u2019execuci\u00f3 d\u2019un contracte o precontracte.<\/p><\/li><li data-start=\"1706\" data-end=\"1743\"><p data-start=\"1708\" data-end=\"1743\">El compliment d\u2019obligacions legals.<\/p><\/li><\/ul><hr data-start=\"1745\" data-end=\"1748\" \/><p data-start=\"1750\" data-end=\"1782\"><strong data-start=\"1750\" data-end=\"1782\">5. Destinataris de les dades<\/strong><\/p><p data-start=\"1784\" data-end=\"1967\">No es comunicaran les dades a tercers, excepte per obligaci\u00f3 legal o quan sigui necessari per a la prestaci\u00f3 del servei contractat, en aquest cas, es comunicar\u00e0 pr\u00e8viament a l\u2019usuari.<\/p><hr data-start=\"1969\" data-end=\"1972\" \/><p data-start=\"1974\" data-end=\"2013\"><strong data-start=\"1974\" data-end=\"2013\">6. Drets que assisteixen a l\u2019Usuari<\/strong><\/p><p data-start=\"2015\" data-end=\"2055\">L\u2019Usuari pot exercir els drets seg\u00fcents:<\/p><ul data-start=\"2056\" data-end=\"2385\"><li data-start=\"2056\" data-end=\"2113\"><p data-start=\"2058\" data-end=\"2113\"><strong data-start=\"2058\" data-end=\"2113\">Dret a retirar el consentiment en qualsevol moment.<\/strong><\/p><\/li><li data-start=\"2114\" data-end=\"2237\"><p data-start=\"2116\" data-end=\"2237\"><strong data-start=\"2116\" data-end=\"2237\">Dret d\u2019acc\u00e9s, rectificaci\u00f3, portabilitat i supressi\u00f3 de les seves dades, i de limitaci\u00f3 o oposici\u00f3 al seu tractament.<\/strong><\/p><\/li><li data-start=\"2238\" data-end=\"2385\"><p data-start=\"2240\" data-end=\"2385\"><strong data-start=\"2240\" data-end=\"2385\">Dret a presentar una reclamaci\u00f3 davant l\u2019Autoritat de Control (<a class=\"\" href=\"http:\/\/www.aepd.es\" target=\"_new\" rel=\"noopener\" data-start=\"2305\" data-end=\"2316\">www.aepd.es<\/a>) si considera que el tractament no s\u2019ajusta a la normativa vigent.<\/strong><\/p><\/li><\/ul><p data-start=\"2387\" data-end=\"2443\">Per exercir aquests drets, pot enviar una sol\u00b7licitud a:<\/p><ul data-start=\"2444\" data-end=\"2530\"><li data-start=\"2444\" data-end=\"2491\"><p data-start=\"2446\" data-end=\"2491\"><strong data-start=\"2446\" data-end=\"2468\">Correu electr\u00f2nic:<\/strong> ginesta.vilafranca2@gmail.com<\/p><\/li><\/ul><p data-start=\"2532\" data-end=\"2644\">Indicant clarament el dret que desitja exercir i aportant una c\u00f2pia del DNI o document identificatiu equivalent.<\/p><hr data-start=\"2646\" data-end=\"2649\" \/><p data-start=\"2651\" data-end=\"2731\"><strong data-start=\"2651\" data-end=\"2731\">7. Car\u00e0cter obligatori o facultatiu de la informaci\u00f3 facilitada per l\u2019usuari<\/strong><\/p><p data-start=\"2733\" data-end=\"3035\">Els usuaris, mitjan\u00e7ant la marcaci\u00f3 de les caselles corresponents i l\u2019entrada de dades als camps dels formularis, accepten de manera expressa i lliure que les seves dades s\u00f3n necess\u00e0ries per atendre la seva sol\u00b7licitud per part del prestador, sent volunt\u00e0ria la inclusi\u00f3 de dades en els camps restants.<\/p><hr data-start=\"3037\" data-end=\"3040\" \/><p data-start=\"3042\" data-end=\"3069\"><strong data-start=\"3042\" data-end=\"3069\">8. Mesures de seguretat<\/strong><\/p><p data-start=\"3071\" data-end=\"3572\">Que de conformitat amb el que disposen les normatives vigents en protecci\u00f3 de dades personals, el Titular est\u00e0 complint amb totes les disposicions de les normatives RGPD i LOPDGDD per al tractament de les dades personals de la seva responsabilitat, i amb els principis descrits a l&#8217;article 5 del RGPD, pel qual s\u00f3n tractades de manera l\u00edcita, lleial i transparent en relaci\u00f3 amb l&#8217;interessat i adequades, pertinents i limitades al necessari en relaci\u00f3 amb les finalitats per a les quals s\u00f3n tractades.<\/p><p data-start=\"3574\" data-end=\"3870\">El Titular garanteix que ha implementat pol\u00edtiques t\u00e8cniques i organitzatives apropiades per aplicar les mesures de seguretat que estableixen el RGPD i la LOPDGDD amb la finalitat de protegir els drets i llibertats dels Usuaris i els ha comunicat la informaci\u00f3 adequada perqu\u00e8 puguin exercir-los.<\/p>\t\t\t\t\t\t\t\t<\/div>\n\t\t\t\t<\/div>\n\t\t\t\t\t<\/div>\n\t\t\t\t<\/div>\n\t\t\t\t<\/div>","protected":false},"excerpt":{"rendered":"<p>Aviso legal de la web Ginesta I Grup d&#8217;autoajuda a dones amb c\u00e0ncer de mama<\/p>","protected":false},"author":1,"featured_media":0,"parent":0,"menu_order":0,"comment_status":"closed","ping_status":"closed","template":"","meta":{"footnotes":""},"class_list":["post-1597","page","type-page","status-publish","hentry"],"yoast_head":"<!-- This site is optimized with the Yoast SEO plugin v27.4 - https:\/\/yoast.com\/product\/yoast-seo-wordpress\/ -->\n<title>Pol\u00edtica de Privacitat - GINESTA<\/title>\n<meta name=\"description\" content=\"Consulta aqu\u00ed l&#039;av\u00eds legal del nostre web.\" \/>\n<meta name=\"robots\" content=\"index, follow, max-snippet:-1, max-image-preview:large, max-video-preview:-1\" \/>\n<link rel=\"canonical\" href=\"https:\/\/ginestavila.cat\/es\/privacitat\/\" \/>\n<meta property=\"og:locale\" content=\"es_ES\" \/>\n<meta property=\"og:type\" content=\"article\" \/>\n<meta property=\"og:title\" content=\"Pol\u00edtica de Privacitat - GINESTA\" \/>\n<meta property=\"og:description\" content=\"Consulta aqu\u00ed l&#039;av\u00eds legal del nostre web.\" \/>\n<meta property=\"og:url\" content=\"https:\/\/ginestavila.cat\/es\/privacitat\/\" \/>\n<meta property=\"og:site_name\" content=\"GINESTA\" \/>\n<meta property=\"article:publisher\" content=\"https:\/\/www.facebook.com\/ginesta.vila\/?locale=es_ES\" \/>\n<meta property=\"article:modified_time\" content=\"2025-07-17T13:28:39+00:00\" \/>\n<meta property=\"og:image\" content=\"https:\/\/ginestavila.cat\/wp-content\/uploads\/2025\/06\/file_00000000d7d462469b171e82eff70ff5.png\" \/>\n\t<meta property=\"og:image:width\" content=\"1536\" \/>\n\t<meta property=\"og:image:height\" content=\"1024\" \/>\n\t<meta property=\"og:image:type\" content=\"image\/png\" \/>\n<meta name=\"twitter:card\" content=\"summary_large_image\" \/>\n<meta name=\"twitter:label1\" content=\"Tiempo de lectura\" \/>\n\t<meta name=\"twitter:data1\" content=\"3 minutos\" \/>\n<script type=\"application\/ld+json\" class=\"yoast-schema-graph\">{\"@context\":\"https:\\\/\\\/schema.org\",\"@graph\":[{\"@type\":\"WebPage\",\"@id\":\"https:\\\/\\\/ginestavila.cat\\\/privacitat\\\/\",\"url\":\"https:\\\/\\\/ginestavila.cat\\\/privacitat\\\/\",\"name\":\"Pol\u00edtica de Privacitat - GINESTA\",\"isPartOf\":{\"@id\":\"https:\\\/\\\/ginestavila.cat\\\/#website\"},\"datePublished\":\"2025-07-17T13:24:28+00:00\",\"dateModified\":\"2025-07-17T13:28:39+00:00\",\"description\":\"Consulta aqu\u00ed l'av\u00eds legal del nostre web.\",\"breadcrumb\":{\"@id\":\"https:\\\/\\\/ginestavila.cat\\\/privacitat\\\/#breadcrumb\"},\"inLanguage\":\"es\",\"potentialAction\":[{\"@type\":\"ReadAction\",\"target\":[\"https:\\\/\\\/ginestavila.cat\\\/privacitat\\\/\"]}]},{\"@type\":\"BreadcrumbList\",\"@id\":\"https:\\\/\\\/ginestavila.cat\\\/privacitat\\\/#breadcrumb\",\"itemListElement\":[{\"@type\":\"ListItem\",\"position\":1,\"name\":\"Portada\",\"item\":\"https:\\\/\\\/ginestavila.cat\\\/\"},{\"@type\":\"ListItem\",\"position\":2,\"name\":\"Pol\u00edtica de Privacitat\"}]},{\"@type\":\"WebSite\",\"@id\":\"https:\\\/\\\/ginestavila.cat\\\/#website\",\"url\":\"https:\\\/\\\/ginestavila.cat\\\/\",\"name\":\"GINESTA\",\"description\":\"Grup de suport per a dones amb c\u00e0ncer de mama\",\"publisher\":{\"@id\":\"https:\\\/\\\/ginestavila.cat\\\/#organization\"},\"potentialAction\":[{\"@type\":\"SearchAction\",\"target\":{\"@type\":\"EntryPoint\",\"urlTemplate\":\"https:\\\/\\\/ginestavila.cat\\\/?s={search_term_string}\"},\"query-input\":{\"@type\":\"PropertyValueSpecification\",\"valueRequired\":true,\"valueName\":\"search_term_string\"}}],\"inLanguage\":\"es\"},{\"@type\":\"Organization\",\"@id\":\"https:\\\/\\\/ginestavila.cat\\\/#organization\",\"name\":\"GINESTA - Grup d'autoajuda per a dones amb c\u00e0ncer de mama\",\"alternateName\":\"GINESTA\",\"url\":\"https:\\\/\\\/ginestavila.cat\\\/\",\"logo\":{\"@type\":\"ImageObject\",\"inLanguage\":\"es\",\"@id\":\"https:\\\/\\\/ginestavila.cat\\\/#\\\/schema\\\/logo\\\/image\\\/\",\"url\":\"https:\\\/\\\/ginestavila.cat\\\/wp-content\\\/uploads\\\/2025\\\/05\\\/cropped-logo_sensefons_colorrosa-scaled-2.png\",\"contentUrl\":\"https:\\\/\\\/ginestavila.cat\\\/wp-content\\\/uploads\\\/2025\\\/05\\\/cropped-logo_sensefons_colorrosa-scaled-2.png\",\"width\":2560,\"height\":2235,\"caption\":\"GINESTA - Grup d'autoajuda per a dones amb c\u00e0ncer de mama\"},\"image\":{\"@id\":\"https:\\\/\\\/ginestavila.cat\\\/#\\\/schema\\\/logo\\\/image\\\/\"},\"sameAs\":[\"https:\\\/\\\/www.facebook.com\\\/ginesta.vila\\\/?locale=es_ES\",\"https:\\\/\\\/www.instagram.com\\\/ginesta_vilafranca\\\/\"]}]}<\/script>\n<!-- \/ Yoast SEO plugin. -->","yoast_head_json":{"title":"Pol\u00edtica de Privacitat - GINESTA","description":"Consulta aqu\u00ed l'av\u00eds legal del nostre web.","robots":{"index":"index","follow":"follow","max-snippet":"max-snippet:-1","max-image-preview":"max-image-preview:large","max-video-preview":"max-video-preview:-1"},"canonical":"https:\/\/ginestavila.cat\/es\/privacitat\/","og_locale":"es_ES","og_type":"article","og_title":"Pol\u00edtica de Privacitat - GINESTA","og_description":"Consulta aqu\u00ed l'av\u00eds legal del nostre web.","og_url":"https:\/\/ginestavila.cat\/es\/privacitat\/","og_site_name":"GINESTA","article_publisher":"https:\/\/www.facebook.com\/ginesta.vila\/?locale=es_ES","article_modified_time":"2025-07-17T13:28:39+00:00","og_image":[{"width":1536,"height":1024,"url":"https:\/\/ginestavila.cat\/wp-content\/uploads\/2025\/06\/file_00000000d7d462469b171e82eff70ff5.png","type":"image\/png"}],"twitter_card":"summary_large_image","twitter_misc":{"Tiempo de lectura":"3 minutos"},"schema":{"@context":"https:\/\/schema.org","@graph":[{"@type":"WebPage","@id":"https:\/\/ginestavila.cat\/privacitat\/","url":"https:\/\/ginestavila.cat\/privacitat\/","name":"Pol\u00edtica de Privacitat - GINESTA","isPartOf":{"@id":"https:\/\/ginestavila.cat\/#website"},"datePublished":"2025-07-17T13:24:28+00:00","dateModified":"2025-07-17T13:28:39+00:00","description":"Consulta aqu\u00ed l'av\u00eds legal del nostre web.","breadcrumb":{"@id":"https:\/\/ginestavila.cat\/privacitat\/#breadcrumb"},"inLanguage":"es","potentialAction":[{"@type":"ReadAction","target":["https:\/\/ginestavila.cat\/privacitat\/"]}]},{"@type":"BreadcrumbList","@id":"https:\/\/ginestavila.cat\/privacitat\/#breadcrumb","itemListElement":[{"@type":"ListItem","position":1,"name":"Portada","item":"https:\/\/ginestavila.cat\/"},{"@type":"ListItem","position":2,"name":"Pol\u00edtica de Privacitat"}]},{"@type":"WebSite","@id":"https:\/\/ginestavila.cat\/#website","url":"https:\/\/ginestavila.cat\/","name":"GINESTA","description":"Grupo de apoyo y actividades para mujeres con c\u00e1ncer de mama en el Pened\u00e9s","publisher":{"@id":"https:\/\/ginestavila.cat\/#organization"},"potentialAction":[{"@type":"SearchAction","target":{"@type":"EntryPoint","urlTemplate":"https:\/\/ginestavila.cat\/?s={search_term_string}"},"query-input":{"@type":"PropertyValueSpecification","valueRequired":true,"valueName":"search_term_string"}}],"inLanguage":"es"},{"@type":"Organization","@id":"https:\/\/ginestavila.cat\/#organization","name":"GINESTA - Grup d'autoajuda per a dones amb c\u00e0ncer de mama","alternateName":"GINESTA","url":"https:\/\/ginestavila.cat\/","logo":{"@type":"ImageObject","inLanguage":"es","@id":"https:\/\/ginestavila.cat\/#\/schema\/logo\/image\/","url":"https:\/\/ginestavila.cat\/wp-content\/uploads\/2025\/05\/cropped-logo_sensefons_colorrosa-scaled-2.png","contentUrl":"https:\/\/ginestavila.cat\/wp-content\/uploads\/2025\/05\/cropped-logo_sensefons_colorrosa-scaled-2.png","width":2560,"height":2235,"caption":"GINESTA - Grup d'autoajuda per a dones amb c\u00e0ncer de mama"},"image":{"@id":"https:\/\/ginestavila.cat\/#\/schema\/logo\/image\/"},"sameAs":["https:\/\/www.facebook.com\/ginesta.vila\/?locale=es_ES","https:\/\/www.instagram.com\/ginesta_vilafranca\/"]}]}},"rttpg_featured_image_url":null,"rttpg_author":{"display_name":"provaginestavila","author_link":"https:\/\/ginestavila.cat\/es\/author\/provaginestavila\/"},"rttpg_comment":0,"rttpg_category":null,"rttpg_excerpt":"Aviso legal de la web Ginesta I Grup d'autoajuda a dones amb c\u00e0ncer de mama","_links":{"self":[{"href":"https:\/\/ginestavila.cat\/es\/wp-json\/wp\/v2\/pages\/1597","targetHints":{"allow":["GET"]}}],"collection":[{"href":"https:\/\/ginestavila.cat\/es\/wp-json\/wp\/v2\/pages"}],"about":[{"href":"https:\/\/ginestavila.cat\/es\/wp-json\/wp\/v2\/types\/page"}],"author":[{"embeddable":true,"href":"https:\/\/ginestavila.cat\/es\/wp-json\/wp\/v2\/users\/1"}],"replies":[{"embeddable":true,"href":"https:\/\/ginestavila.cat\/es\/wp-json\/wp\/v2\/comments?post=1597"}],"version-history":[{"count":4,"href":"https:\/\/ginestavila.cat\/es\/wp-json\/wp\/v2\/pages\/1597\/revisions"}],"predecessor-version":[{"id":1602,"href":"https:\/\/ginestavila.cat\/es\/wp-json\/wp\/v2\/pages\/1597\/revisions\/1602"}],"wp:attachment":[{"href":"https:\/\/ginestavila.cat\/es\/wp-json\/wp\/v2\/media?parent=1597"}],"curies":[{"name":"wp","href":"https:\/\/api.w.org\/{rel}","templated":true}]}}