{"id":1162,"date":"2025-07-17T12:08:29","date_gmt":"2025-07-17T10:08:29","guid":{"rendered":"http:\/\/www.provaginestavila.cat.mialias.net\/?page_id=1162"},"modified":"2025-07-17T13:25:39","modified_gmt":"2025-07-17T11:25:39","slug":"avis-legal","status":"publish","type":"page","link":"https:\/\/ginestavila.cat\/es\/avis-legal\/","title":{"rendered":"Av\u00eds legal"},"content":{"rendered":"<div data-elementor-type=\"wp-page\" data-elementor-id=\"1162\" class=\"elementor elementor-1162\">\n\t\t\t\t<div class=\"elementor-element elementor-element-308b723 e-flex e-con-boxed e-con e-parent\" data-id=\"308b723\" data-element_type=\"container\" data-e-type=\"container\">\n\t\t\t\t\t<div class=\"e-con-inner\">\n\t\t\t\t<div class=\"elementor-element elementor-element-7620e97 elementor-widget elementor-widget-heading\" data-id=\"7620e97\" data-element_type=\"widget\" data-e-type=\"widget\" data-widget_type=\"heading.default\">\n\t\t\t\t<div class=\"elementor-widget-container\">\n\t\t\t\t\t<h2 class=\"elementor-heading-title elementor-size-default\">Av\u00eds legal<\/h2>\t\t\t\t<\/div>\n\t\t\t\t<\/div>\n\t\t\t\t<div class=\"elementor-element elementor-element-ec257d3 elementor-widget elementor-widget-text-editor\" data-id=\"ec257d3\" data-element_type=\"widget\" data-e-type=\"widget\" data-widget_type=\"text-editor.default\">\n\t\t\t\t<div class=\"elementor-widget-container\">\n\t\t\t\t\t\t\t\t\t<p data-start=\"122\" data-end=\"164\"><strong data-start=\"122\" data-end=\"164\">1. Informaci\u00f3 del titular del lloc web<\/strong><\/p><p data-start=\"166\" data-end=\"376\">En compliment del deure d&#8217;informaci\u00f3 recollit a l&#8217;article 10 de la Llei 34\/2002, d&#8217;11 de juliol, de Serveis de la Societat de la Informaci\u00f3 i de Comer\u00e7 Electr\u00f2nic, s&#8217;exposen a continuaci\u00f3 les dades del titular:<\/p><ul data-start=\"378\" data-end=\"613\"><li data-start=\"378\" data-end=\"427\"><p data-start=\"380\" data-end=\"427\"><strong data-start=\"380\" data-end=\"392\">Titular:<\/strong> Ginesta I Grup d&#8217;autoajuda per a dones amb c\u00e0ncer de mama<\/p><\/li><li data-start=\"428\" data-end=\"453\"><p data-start=\"430\" data-end=\"453\"><strong data-start=\"430\" data-end=\"442\">NIF\/CIF: <\/strong>G62087598<\/p><\/li><li data-start=\"454\" data-end=\"489\"><p data-start=\"456\" data-end=\"489\"><strong data-start=\"456\" data-end=\"469\">Domicili:<\/strong> C. Pere el Gran, 32 1r -Edifici Creu Roja-\u00a0 08720 Vilafranca del Pened\u00e8s<\/p><\/li><li data-start=\"454\" data-end=\"489\"><p data-start=\"456\" data-end=\"489\"><strong data-start=\"492\" data-end=\"514\">Correu electr\u00f2nic:<\/strong> ginesta.vilafranca@gmail.com<\/p><\/li><li data-start=\"538\" data-end=\"575\"><p data-start=\"540\" data-end=\"575\"><strong data-start=\"540\" data-end=\"552\">Tel\u00e8fon:<\/strong> 639280708<\/p><\/li><li data-start=\"576\" data-end=\"613\"><p data-start=\"578\" data-end=\"613\"><strong data-start=\"578\" data-end=\"593\">Domini web:<\/strong> ginestavila.cat<\/p><\/li><\/ul><hr data-start=\"615\" data-end=\"618\" \/><p data-start=\"620\" data-end=\"634\"><strong data-start=\"620\" data-end=\"634\">2. Objecte<\/strong><\/p><p data-start=\"636\" data-end=\"934\">El present Av\u00eds Legal regula l&#8217;acc\u00e9s, navegaci\u00f3 i \u00fas d&#8217;aquest lloc web, aix\u00ed com les responsabilitats derivades de la utilitzaci\u00f3 dels seus continguts com textos, gr\u00e0fics, dibuixos, dissenys, codis, programari, fotografies, m\u00fasica, v\u00eddeos, sons, bases de dades, imatges, expressions i informacions.<\/p><p data-start=\"936\" data-end=\"1065\">L&#8217;acc\u00e9s o utilitzaci\u00f3 d&#8217;aquest lloc web atribueix la condici\u00f3 d&#8217;Usuari i implica l&#8217;acceptaci\u00f3 de les condicions aqu\u00ed reflectides.<\/p><hr data-start=\"1067\" data-end=\"1070\" \/><p data-start=\"1072\" data-end=\"1094\"><strong data-start=\"1072\" data-end=\"1094\">3. Condicions d&#8217;\u00fas<\/strong><\/p><p data-start=\"1096\" data-end=\"1253\">L&#8217;Usuari es compromet a utilitzar el lloc web i els seus continguts de conformitat amb la Llei, el present Av\u00eds Legal, les bones pr\u00e0ctiques i l&#8217;ordre p\u00fablic.<\/p><p data-start=\"1255\" data-end=\"1270\">Queda prohibit:<\/p><ul data-start=\"1271\" data-end=\"1472\"><li data-start=\"1271\" data-end=\"1314\"><p data-start=\"1273\" data-end=\"1314\">L&#8217;\u00fas amb finalitats il\u00b7l\u00edcites o lesives.<\/p><\/li><li data-start=\"1315\" data-end=\"1378\"><p data-start=\"1317\" data-end=\"1378\">Causar danys que puguin inutilitzar o deteriorar el lloc web.<\/p><\/li><li data-start=\"1379\" data-end=\"1472\"><p data-start=\"1381\" data-end=\"1472\">Obstaculitzar l&#8217;acc\u00e9s d&#8217;altres usuaris mitjan\u00e7ant el consum massiu de recursos inform\u00e0tics.<\/p><\/li><\/ul><hr data-start=\"1474\" data-end=\"1477\" \/><p data-start=\"1479\" data-end=\"1522\"><strong data-start=\"1479\" data-end=\"1522\">4. Propietat intel\u00b7lectual i industrial<\/strong><\/p><p data-start=\"1524\" data-end=\"1832\">Tots els drets de propietat intel\u00b7lectual del contingut d&#8217;aquesta p\u00e0gina web i del seu disseny gr\u00e0fic s\u00f3n propietat de Ginesta I Grup d&#8217;autoajuda per a dones amb c\u00e0ncer de mama, o de tercers que n&#8217;han autoritzat l&#8217;\u00fas, quedant prohibida la seva reproducci\u00f3, distribuci\u00f3, comunicaci\u00f3 p\u00fablica i transformaci\u00f3, llevat d&#8217;\u00fas personal i privat.<\/p><hr data-start=\"1834\" data-end=\"1837\" \/><p data-start=\"1839\" data-end=\"1861\"><strong data-start=\"1839\" data-end=\"1861\">5. Responsabilitat<\/strong><\/p><p data-start=\"1863\" data-end=\"1944\">El titular no es fa responsable dels danys o perjudicis que puguin derivar-se de:<\/p><ul data-start=\"1945\" data-end=\"2095\"><li data-start=\"1945\" data-end=\"1987\"><p data-start=\"1947\" data-end=\"1987\">La manca de disponibilitat del lloc web.<\/p><\/li><li data-start=\"1988\" data-end=\"2027\"><p data-start=\"1990\" data-end=\"2027\">Errors o omissions en els continguts.<\/p><\/li><li data-start=\"2028\" data-end=\"2095\"><p data-start=\"2030\" data-end=\"2095\">La transmissi\u00f3 de virus o programes maliciosos en els continguts.<\/p><\/li><\/ul><hr data-start=\"2097\" data-end=\"2100\" \/><p data-start=\"2102\" data-end=\"2117\"><strong data-start=\"2102\" data-end=\"2117\">6. Enlla\u00e7os<\/strong><\/p><p data-start=\"2119\" data-end=\"2295\">Aquest lloc web pot contenir enlla\u00e7os a llocs web de tercers, no sent responsable del contingut d&#8217;aquests ni de les conseq\u00fc\u00e8ncies que puguin derivar-se de l&#8217;acc\u00e9s als mateixos.<\/p><hr data-start=\"2297\" data-end=\"2300\" \/><p data-start=\"2302\" data-end=\"2334\"><strong data-start=\"2302\" data-end=\"2334\">7. Modificaci\u00f3 del contingut<\/strong><\/p><p data-start=\"2336\" data-end=\"2485\">Ginesta I Grup d&#8217;autoajuda per a dones amb c\u00e0ncer de mama es reserva el dret de realitzar les modificacions que consideri oportunes en el contingut del lloc web sense previ av\u00eds.<\/p><hr data-start=\"2487\" data-end=\"2490\" \/><p data-start=\"2492\" data-end=\"2533\"><strong data-start=\"2492\" data-end=\"2533\">8. Legislaci\u00f3 aplicable i jurisdicci\u00f3<\/strong><\/p><p data-start=\"2535\" data-end=\"2771\">La relaci\u00f3 entre el titular del lloc web i l&#8217;Usuari es regir\u00e0 per la normativa espanyola vigent, i qualsevol controv\u00e8rsia se sotmetr\u00e0 als Jutjats i Tribunals de Vilafranca del Pened\u00e8s, llevat que la Llei disposi el contrari.<\/p>\t\t\t\t\t\t\t\t<\/div>\n\t\t\t\t<\/div>\n\t\t\t\t\t<\/div>\n\t\t\t\t<\/div>\n\t\t\t\t<\/div>","protected":false},"excerpt":{"rendered":"<p>Aviso legal de la web Ginesta I Grup d&#8217;autoajuda a dones amb c\u00e0ncer de mama<\/p>","protected":false},"author":1,"featured_media":0,"parent":0,"menu_order":0,"comment_status":"closed","ping_status":"closed","template":"","meta":{"footnotes":""},"class_list":["post-1162","page","type-page","status-publish","hentry"],"yoast_head":"<!-- This site is optimized with the Yoast SEO plugin v27.4 - https:\/\/yoast.com\/product\/yoast-seo-wordpress\/ -->\n<title>Av\u00eds legal - GINESTA<\/title>\n<meta name=\"description\" content=\"Consulta aqu\u00ed l&#039;av\u00eds legal del nostre web.\" \/>\n<meta name=\"robots\" content=\"index, follow, max-snippet:-1, max-image-preview:large, max-video-preview:-1\" \/>\n<link rel=\"canonical\" href=\"https:\/\/ginestavila.cat\/es\/avis-legal\/\" \/>\n<meta property=\"og:locale\" content=\"es_ES\" \/>\n<meta property=\"og:type\" content=\"article\" \/>\n<meta property=\"og:title\" content=\"Av\u00eds legal - GINESTA\" \/>\n<meta property=\"og:description\" content=\"Consulta aqu\u00ed l&#039;av\u00eds legal del nostre web.\" \/>\n<meta property=\"og:url\" content=\"https:\/\/ginestavila.cat\/es\/avis-legal\/\" \/>\n<meta property=\"og:site_name\" content=\"GINESTA\" \/>\n<meta property=\"article:publisher\" content=\"https:\/\/www.facebook.com\/ginesta.vila\/?locale=es_ES\" \/>\n<meta property=\"article:modified_time\" content=\"2025-07-17T11:25:39+00:00\" \/>\n<meta property=\"og:image\" content=\"https:\/\/ginestavila.cat\/wp-content\/uploads\/2025\/06\/file_00000000d7d462469b171e82eff70ff5.png\" \/>\n\t<meta property=\"og:image:width\" content=\"1536\" \/>\n\t<meta property=\"og:image:height\" content=\"1024\" \/>\n\t<meta property=\"og:image:type\" content=\"image\/png\" \/>\n<meta name=\"twitter:card\" content=\"summary_large_image\" \/>\n<meta name=\"twitter:label1\" content=\"Tiempo de lectura\" \/>\n\t<meta name=\"twitter:data1\" content=\"2 minutos\" \/>\n<script type=\"application\/ld+json\" class=\"yoast-schema-graph\">{\"@context\":\"https:\\\/\\\/schema.org\",\"@graph\":[{\"@type\":\"WebPage\",\"@id\":\"https:\\\/\\\/ginestavila.cat\\\/avis-legal\\\/\",\"url\":\"https:\\\/\\\/ginestavila.cat\\\/avis-legal\\\/\",\"name\":\"Av\u00eds legal - GINESTA\",\"isPartOf\":{\"@id\":\"https:\\\/\\\/ginestavila.cat\\\/#website\"},\"datePublished\":\"2025-07-17T10:08:29+00:00\",\"dateModified\":\"2025-07-17T11:25:39+00:00\",\"description\":\"Consulta aqu\u00ed l'av\u00eds legal del nostre web.\",\"breadcrumb\":{\"@id\":\"https:\\\/\\\/ginestavila.cat\\\/avis-legal\\\/#breadcrumb\"},\"inLanguage\":\"es\",\"potentialAction\":[{\"@type\":\"ReadAction\",\"target\":[\"https:\\\/\\\/ginestavila.cat\\\/avis-legal\\\/\"]}]},{\"@type\":\"BreadcrumbList\",\"@id\":\"https:\\\/\\\/ginestavila.cat\\\/avis-legal\\\/#breadcrumb\",\"itemListElement\":[{\"@type\":\"ListItem\",\"position\":1,\"name\":\"Portada\",\"item\":\"https:\\\/\\\/ginestavila.cat\\\/\"},{\"@type\":\"ListItem\",\"position\":2,\"name\":\"Av\u00eds legal\"}]},{\"@type\":\"WebSite\",\"@id\":\"https:\\\/\\\/ginestavila.cat\\\/#website\",\"url\":\"https:\\\/\\\/ginestavila.cat\\\/\",\"name\":\"GINESTA\",\"description\":\"Grup de suport per a dones amb c\u00e0ncer de mama\",\"publisher\":{\"@id\":\"https:\\\/\\\/ginestavila.cat\\\/#organization\"},\"potentialAction\":[{\"@type\":\"SearchAction\",\"target\":{\"@type\":\"EntryPoint\",\"urlTemplate\":\"https:\\\/\\\/ginestavila.cat\\\/?s={search_term_string}\"},\"query-input\":{\"@type\":\"PropertyValueSpecification\",\"valueRequired\":true,\"valueName\":\"search_term_string\"}}],\"inLanguage\":\"es\"},{\"@type\":\"Organization\",\"@id\":\"https:\\\/\\\/ginestavila.cat\\\/#organization\",\"name\":\"GINESTA - Grup d'autoajuda per a dones amb c\u00e0ncer de mama\",\"alternateName\":\"GINESTA\",\"url\":\"https:\\\/\\\/ginestavila.cat\\\/\",\"logo\":{\"@type\":\"ImageObject\",\"inLanguage\":\"es\",\"@id\":\"https:\\\/\\\/ginestavila.cat\\\/#\\\/schema\\\/logo\\\/image\\\/\",\"url\":\"https:\\\/\\\/ginestavila.cat\\\/wp-content\\\/uploads\\\/2025\\\/05\\\/cropped-logo_sensefons_colorrosa-scaled-2.png\",\"contentUrl\":\"https:\\\/\\\/ginestavila.cat\\\/wp-content\\\/uploads\\\/2025\\\/05\\\/cropped-logo_sensefons_colorrosa-scaled-2.png\",\"width\":2560,\"height\":2235,\"caption\":\"GINESTA - Grup d'autoajuda per a dones amb c\u00e0ncer de mama\"},\"image\":{\"@id\":\"https:\\\/\\\/ginestavila.cat\\\/#\\\/schema\\\/logo\\\/image\\\/\"},\"sameAs\":[\"https:\\\/\\\/www.facebook.com\\\/ginesta.vila\\\/?locale=es_ES\",\"https:\\\/\\\/www.instagram.com\\\/ginesta_vilafranca\\\/\"]}]}<\/script>\n<!-- \/ Yoast SEO plugin. -->","yoast_head_json":{"title":"Av\u00eds legal - GINESTA","description":"Consulta aqu\u00ed l'av\u00eds legal del nostre web.","robots":{"index":"index","follow":"follow","max-snippet":"max-snippet:-1","max-image-preview":"max-image-preview:large","max-video-preview":"max-video-preview:-1"},"canonical":"https:\/\/ginestavila.cat\/es\/avis-legal\/","og_locale":"es_ES","og_type":"article","og_title":"Av\u00eds legal - GINESTA","og_description":"Consulta aqu\u00ed l'av\u00eds legal del nostre web.","og_url":"https:\/\/ginestavila.cat\/es\/avis-legal\/","og_site_name":"GINESTA","article_publisher":"https:\/\/www.facebook.com\/ginesta.vila\/?locale=es_ES","article_modified_time":"2025-07-17T11:25:39+00:00","og_image":[{"width":1536,"height":1024,"url":"https:\/\/ginestavila.cat\/wp-content\/uploads\/2025\/06\/file_00000000d7d462469b171e82eff70ff5.png","type":"image\/png"}],"twitter_card":"summary_large_image","twitter_misc":{"Tiempo de lectura":"2 minutos"},"schema":{"@context":"https:\/\/schema.org","@graph":[{"@type":"WebPage","@id":"https:\/\/ginestavila.cat\/avis-legal\/","url":"https:\/\/ginestavila.cat\/avis-legal\/","name":"Av\u00eds legal - GINESTA","isPartOf":{"@id":"https:\/\/ginestavila.cat\/#website"},"datePublished":"2025-07-17T10:08:29+00:00","dateModified":"2025-07-17T11:25:39+00:00","description":"Consulta aqu\u00ed l'av\u00eds legal del nostre web.","breadcrumb":{"@id":"https:\/\/ginestavila.cat\/avis-legal\/#breadcrumb"},"inLanguage":"es","potentialAction":[{"@type":"ReadAction","target":["https:\/\/ginestavila.cat\/avis-legal\/"]}]},{"@type":"BreadcrumbList","@id":"https:\/\/ginestavila.cat\/avis-legal\/#breadcrumb","itemListElement":[{"@type":"ListItem","position":1,"name":"Portada","item":"https:\/\/ginestavila.cat\/"},{"@type":"ListItem","position":2,"name":"Av\u00eds legal"}]},{"@type":"WebSite","@id":"https:\/\/ginestavila.cat\/#website","url":"https:\/\/ginestavila.cat\/","name":"GINESTA","description":"Grupo de apoyo y actividades para mujeres con c\u00e1ncer de mama en el Pened\u00e9s","publisher":{"@id":"https:\/\/ginestavila.cat\/#organization"},"potentialAction":[{"@type":"SearchAction","target":{"@type":"EntryPoint","urlTemplate":"https:\/\/ginestavila.cat\/?s={search_term_string}"},"query-input":{"@type":"PropertyValueSpecification","valueRequired":true,"valueName":"search_term_string"}}],"inLanguage":"es"},{"@type":"Organization","@id":"https:\/\/ginestavila.cat\/#organization","name":"GINESTA - Grup d'autoajuda per a dones amb c\u00e0ncer de mama","alternateName":"GINESTA","url":"https:\/\/ginestavila.cat\/","logo":{"@type":"ImageObject","inLanguage":"es","@id":"https:\/\/ginestavila.cat\/#\/schema\/logo\/image\/","url":"https:\/\/ginestavila.cat\/wp-content\/uploads\/2025\/05\/cropped-logo_sensefons_colorrosa-scaled-2.png","contentUrl":"https:\/\/ginestavila.cat\/wp-content\/uploads\/2025\/05\/cropped-logo_sensefons_colorrosa-scaled-2.png","width":2560,"height":2235,"caption":"GINESTA - Grup d'autoajuda per a dones amb c\u00e0ncer de mama"},"image":{"@id":"https:\/\/ginestavila.cat\/#\/schema\/logo\/image\/"},"sameAs":["https:\/\/www.facebook.com\/ginesta.vila\/?locale=es_ES","https:\/\/www.instagram.com\/ginesta_vilafranca\/"]}]}},"rttpg_featured_image_url":null,"rttpg_author":{"display_name":"provaginestavila","author_link":"https:\/\/ginestavila.cat\/es\/author\/provaginestavila\/"},"rttpg_comment":0,"rttpg_category":null,"rttpg_excerpt":"Aviso legal de la web Ginesta I Grup d'autoajuda a dones amb c\u00e0ncer de mama","_links":{"self":[{"href":"https:\/\/ginestavila.cat\/es\/wp-json\/wp\/v2\/pages\/1162","targetHints":{"allow":["GET"]}}],"collection":[{"href":"https:\/\/ginestavila.cat\/es\/wp-json\/wp\/v2\/pages"}],"about":[{"href":"https:\/\/ginestavila.cat\/es\/wp-json\/wp\/v2\/types\/page"}],"author":[{"embeddable":true,"href":"https:\/\/ginestavila.cat\/es\/wp-json\/wp\/v2\/users\/1"}],"replies":[{"embeddable":true,"href":"https:\/\/ginestavila.cat\/es\/wp-json\/wp\/v2\/comments?post=1162"}],"version-history":[{"count":10,"href":"https:\/\/ginestavila.cat\/es\/wp-json\/wp\/v2\/pages\/1162\/revisions"}],"predecessor-version":[{"id":1523,"href":"https:\/\/ginestavila.cat\/es\/wp-json\/wp\/v2\/pages\/1162\/revisions\/1523"}],"wp:attachment":[{"href":"https:\/\/ginestavila.cat\/es\/wp-json\/wp\/v2\/media?parent=1162"}],"curies":[{"name":"wp","href":"https:\/\/api.w.org\/{rel}","templated":true}]}}